{"id":4834,"date":"2024-12-09T14:46:48","date_gmt":"2024-12-09T12:46:48","guid":{"rendered":"https:\/\/www.delistar-trailer.com\/tietosuojakaytanto\/"},"modified":"2025-10-28T15:55:07","modified_gmt":"2025-10-28T13:55:07","slug":"tietosuojakaytanto","status":"publish","type":"page","link":"https:\/\/www.delistar-trailer.com\/fi\/tietosuojakaytanto\/","title":{"rendered":"Tietosuojak\u00e4yt\u00e4nt\u00f6"},"content":{"rendered":"\t\t<div data-elementor-type=\"wp-page\" data-elementor-id=\"4834\" class=\"elementor elementor-4834 elementor-213\" data-elementor-post-type=\"page\">\n\t\t\t\t<div class=\"has_eae_slider elementor-element elementor-element-5c33905 e-flex e-con-boxed e-con e-parent\" data-eae-slider=\"45049\" data-id=\"5c33905\" data-element_type=\"container\" data-e-type=\"container\">\n\t\t\t\t\t<div class=\"e-con-inner\">\n\t\t\t\t<div class=\"elementor-element elementor-element-23ca169 elementor-widget__width-initial elementor-widget elementor-widget-text-editor\" data-id=\"23ca169\" data-element_type=\"widget\" data-e-type=\"widget\" data-widget_type=\"text-editor.default\">\n\t\t\t\t\t\t\t\t\t<p>T\u00e4yt\u00e4nt\u00f6\u00f6npanop\u00e4iv\u00e4: 20.3.2025.<\/p>\t\t\t\t\t\t\t\t<\/div>\n\t\t\t\t<div class=\"elementor-element elementor-element-50b8b3a elementor-widget__width-initial elementor-widget elementor-widget-heading\" data-id=\"50b8b3a\" data-element_type=\"widget\" data-e-type=\"widget\" data-widget_type=\"heading.default\">\n\t\t\t\t\t<h2 class=\"elementor-heading-title elementor-size-default\">Yksityisyytesi on meille t\u00e4rke\u00e4\u00e4. T\u00e4ss\u00e4 tietosuojak\u00e4yt\u00e4nn\u00f6ss\u00e4 selitet\u00e4\u00e4n, miten ker\u00e4\u00e4mme, k\u00e4yt\u00e4mme ja suojaamme tietojasi, kun vierailet verkkosivustollamme <i>delistar-trailer.com<\/i>.<\/h2>\t\t\t\t<\/div>\n\t\t<div class=\"has_eae_slider elementor-element elementor-element-87fd149 e-con-full e-flex e-con e-child\" data-eae-slider=\"43478\" data-id=\"87fd149\" data-element_type=\"container\" data-e-type=\"container\">\n\t\t<div class=\"has_eae_slider elementor-element elementor-element-4bd885a e-con-full e-flex e-con e-child\" data-eae-slider=\"63490\" data-id=\"4bd885a\" data-element_type=\"container\" data-e-type=\"container\">\n\t\t\t\t<div class=\"elementor-element elementor-element-557344b elementor-widget elementor-widget-heading\" data-id=\"557344b\" data-element_type=\"widget\" data-e-type=\"widget\" data-widget_type=\"heading.default\">\n\t\t\t\t\t<h3 class=\"elementor-heading-title elementor-size-default\">1. Ker\u00e4\u00e4m\u00e4mme tiedot<\/h3>\t\t\t\t<\/div>\n\t\t<div class=\"has_eae_slider elementor-element elementor-element-793c8d0 e-con-full e-flex e-con e-child\" data-eae-slider=\"75751\" data-id=\"793c8d0\" data-element_type=\"container\" data-e-type=\"container\">\n\t\t\t\t<div class=\"elementor-element elementor-element-b9b8b46 elementor-widget elementor-widget-text-editor\" data-id=\"b9b8b46\" data-element_type=\"widget\" data-e-type=\"widget\" data-widget_type=\"text-editor.default\">\n\t\t\t\t\t\t\t\t\t<p>Voimme ker\u00e4t\u00e4 seuraavanlaisia tietoja:<\/p>\t\t\t\t\t\t\t\t<\/div>\n\t\t\t\t<div class=\"elementor-element elementor-element-d035b5f elementor-widget elementor-widget-text-editor\" data-id=\"d035b5f\" data-element_type=\"widget\" data-e-type=\"widget\" data-widget_type=\"text-editor.default\">\n\t\t\t\t\t\t\t\t\t<ul class=\"wp-block-list\">\n<li>Henkil\u00f6kohtaiset tiedot (kuten nimi, s\u00e4hk\u00f6postiosoite jne.), kun annat ne vapaaehtoisesti.<\/li>\n<li>Automaattisesti ker\u00e4tyt ei-henkil\u00f6kohtaiset tiedot (kuten selaimen tyyppi jne.).<\/li>\n<\/ul>\t\t\t\t\t\t\t\t<\/div>\n\t\t\t\t<\/div>\n\t\t\t\t<\/div>\n\t\t<div class=\"has_eae_slider elementor-element elementor-element-03eb234 e-con-full e-flex e-con e-child\" data-eae-slider=\"62604\" data-id=\"03eb234\" data-element_type=\"container\" data-e-type=\"container\">\n\t\t\t\t<div class=\"elementor-element elementor-element-a2639bd elementor-widget elementor-widget-heading\" data-id=\"a2639bd\" data-element_type=\"widget\" data-e-type=\"widget\" data-widget_type=\"heading.default\">\n\t\t\t\t\t<h3 class=\"elementor-heading-title elementor-size-default\">2. Miten k\u00e4yt\u00e4mme tietojasi<\/h3>\t\t\t\t<\/div>\n\t\t<div class=\"has_eae_slider elementor-element elementor-element-5c256bf e-con-full e-flex e-con e-child\" data-eae-slider=\"45770\" data-id=\"5c256bf\" data-element_type=\"container\" data-e-type=\"container\">\n\t\t\t\t<div class=\"elementor-element elementor-element-43d43d7 elementor-widget elementor-widget-text-editor\" data-id=\"43d43d7\" data-element_type=\"widget\" data-e-type=\"widget\" data-widget_type=\"text-editor.default\">\n\t\t\t\t\t\t\t\t\t<p>K\u00e4yt\u00e4mme ker\u00e4ttyj\u00e4 tietoja:<\/p>\t\t\t\t\t\t\t\t<\/div>\n\t\t\t\t<div class=\"elementor-element elementor-element-8dfdb52 elementor-widget elementor-widget-text-editor\" data-id=\"8dfdb52\" data-element_type=\"widget\" data-e-type=\"widget\" data-widget_type=\"text-editor.default\">\n\t\t\t\t\t\t\t\t\t<ul class=\"wp-block-list\">\n<li>Parantaa verkkosivustoamme ja k\u00e4ytt\u00e4j\u00e4kokemusta.<\/li>\n<li>Vastaa tiedusteluihin ja anna asiakastukea.<\/li>\n<li>Noudattaa lakis\u00e4\u00e4teisi\u00e4 velvoitteita.<\/li>\n<\/ul>\t\t\t\t\t\t\t\t<\/div>\n\t\t\t\t<\/div>\n\t\t\t\t<\/div>\n\t\t<div class=\"has_eae_slider elementor-element elementor-element-3b1a893 e-con-full e-flex e-con e-child\" data-eae-slider=\"46303\" data-id=\"3b1a893\" data-element_type=\"container\" data-e-type=\"container\">\n\t\t\t\t<div class=\"elementor-element elementor-element-2594406 elementor-widget elementor-widget-heading\" data-id=\"2594406\" data-element_type=\"widget\" data-e-type=\"widget\" data-widget_type=\"heading.default\">\n\t\t\t\t\t<h3 class=\"elementor-heading-title elementor-size-default\">3. Ev\u00e4steet ja seurantatekniikat<\/h3>\t\t\t\t<\/div>\n\t\t<div class=\"has_eae_slider elementor-element elementor-element-d42ca79 e-con-full e-flex e-con e-child\" data-eae-slider=\"86023\" data-id=\"d42ca79\" data-element_type=\"container\" data-e-type=\"container\">\n\t\t\t\t<div class=\"elementor-element elementor-element-6995733 elementor-widget elementor-widget-text-editor\" data-id=\"6995733\" data-element_type=\"widget\" data-e-type=\"widget\" data-widget_type=\"text-editor.default\">\n\t\t\t\t\t\t\t\t\t<p>Saatamme k\u00e4ytt\u00e4\u00e4 ev\u00e4steit\u00e4 ja vastaavia seurantatekniikoita parantaaksemme selailukokemustasi. Voit hallita ev\u00e4steasetuksia selaimesi asetuksista.<\/p>\t\t\t\t\t\t\t\t<\/div>\n\t\t\t\t<\/div>\n\t\t\t\t<\/div>\n\t\t<div class=\"has_eae_slider elementor-element elementor-element-5eafa4f e-con-full e-flex e-con e-child\" data-eae-slider=\"78721\" data-id=\"5eafa4f\" data-element_type=\"container\" data-e-type=\"container\">\n\t\t\t\t<div class=\"elementor-element elementor-element-3b488c8 elementor-widget elementor-widget-heading\" data-id=\"3b488c8\" data-element_type=\"widget\" data-e-type=\"widget\" data-widget_type=\"heading.default\">\n\t\t\t\t\t<h3 class=\"elementor-heading-title elementor-size-default\">4. Kolmannen osapuolen palvelut<\/h3>\t\t\t\t<\/div>\n\t\t<div class=\"has_eae_slider elementor-element elementor-element-94905de e-con-full e-flex e-con e-child\" data-eae-slider=\"75551\" data-id=\"94905de\" data-element_type=\"container\" data-e-type=\"container\">\n\t\t\t\t<div class=\"elementor-element elementor-element-6025299 elementor-widget elementor-widget-text-editor\" data-id=\"6025299\" data-element_type=\"widget\" data-e-type=\"widget\" data-widget_type=\"text-editor.default\">\n\t\t\t\t\t\t\t\t\t<p>Saatamme k\u00e4ytt\u00e4\u00e4 kolmannen osapuolen palveluita (kuten analytiikan tarjoajia), jotka ker\u00e4\u00e4v\u00e4t, k\u00e4sittelev\u00e4t ja tallentavat tietoja puolestamme. N\u00e4ill\u00e4 palveluilla on omat tietosuojak\u00e4yt\u00e4nt\u00f6ns\u00e4.<\/p>\t\t\t\t\t\t\t\t<\/div>\n\t\t\t\t<\/div>\n\t\t\t\t<\/div>\n\t\t<div class=\"has_eae_slider elementor-element elementor-element-412e5aa e-con-full e-flex e-con e-child\" data-eae-slider=\"82639\" data-id=\"412e5aa\" data-element_type=\"container\" data-e-type=\"container\">\n\t\t\t\t<div class=\"elementor-element elementor-element-57e4497 elementor-widget elementor-widget-heading\" data-id=\"57e4497\" data-element_type=\"widget\" data-e-type=\"widget\" data-widget_type=\"heading.default\">\n\t\t\t\t\t<h3 class=\"elementor-heading-title elementor-size-default\">5. Tietoturva<\/h3>\t\t\t\t<\/div>\n\t\t<div class=\"has_eae_slider elementor-element elementor-element-dfa5419 e-con-full e-flex e-con e-child\" data-eae-slider=\"92094\" data-id=\"dfa5419\" data-element_type=\"container\" data-e-type=\"container\">\n\t\t\t\t<div class=\"elementor-element elementor-element-a54d285 elementor-widget elementor-widget-text-editor\" data-id=\"a54d285\" data-element_type=\"widget\" data-e-type=\"widget\" data-widget_type=\"text-editor.default\">\n\t\t\t\t\t\t\t\t\t<p>Toteutamme kohtuullisia toimenpiteit\u00e4 suojellaksemme tietojasi luvattomalta k\u00e4yt\u00f6lt\u00e4, muuttamiselta tai paljastamiselta.<\/p>\t\t\t\t\t\t\t\t<\/div>\n\t\t\t\t<\/div>\n\t\t\t\t<\/div>\n\t\t<div class=\"has_eae_slider elementor-element elementor-element-a716972 e-con-full e-flex e-con e-child\" data-eae-slider=\"44986\" data-id=\"a716972\" data-element_type=\"container\" data-e-type=\"container\">\n\t\t\t\t<div class=\"elementor-element elementor-element-7d90e3e elementor-widget elementor-widget-heading\" data-id=\"7d90e3e\" data-element_type=\"widget\" data-e-type=\"widget\" data-widget_type=\"heading.default\">\n\t\t\t\t\t<h3 class=\"elementor-heading-title elementor-size-default\">6. Oikeutesi<\/h3>\t\t\t\t<\/div>\n\t\t<div class=\"has_eae_slider elementor-element elementor-element-61eb677 e-con-full e-flex e-con e-child\" data-eae-slider=\"95837\" data-id=\"61eb677\" data-element_type=\"container\" data-e-type=\"container\">\n\t\t\t\t<div class=\"elementor-element elementor-element-5c2fbe8 elementor-widget elementor-widget-text-editor\" data-id=\"5c2fbe8\" data-element_type=\"widget\" data-e-type=\"widget\" data-widget_type=\"text-editor.default\">\n\t\t\t\t\t\t\t\t\t<p>Sinulla on oikeus:<\/p>\t\t\t\t\t\t\t\t<\/div>\n\t\t\t\t<div class=\"elementor-element elementor-element-3fb7847 elementor-widget elementor-widget-text-editor\" data-id=\"3fb7847\" data-element_type=\"widget\" data-e-type=\"widget\" data-widget_type=\"text-editor.default\">\n\t\t\t\t\t\t\t\t\t<ul class=\"wp-block-list\">\n<li>K\u00e4ytt\u00e4\u00e4, p\u00e4ivitt\u00e4\u00e4 tai poistaa henkil\u00f6kohtaisia tietojasi.<\/li>\n<li>Markkinointiviestinn\u00e4n lopettaminen.<\/li>\n<li>Rajoittaa tietojen k\u00e4sittely\u00e4 tai vastustaa sit\u00e4 tietyiss\u00e4 olosuhteissa.<\/li>\n<\/ul>\t\t\t\t\t\t\t\t<\/div>\n\t\t\t\t<\/div>\n\t\t\t\t<\/div>\n\t\t<div class=\"has_eae_slider elementor-element elementor-element-a3e7bbf e-con-full e-flex e-con e-child\" data-eae-slider=\"24772\" data-id=\"a3e7bbf\" data-element_type=\"container\" data-e-type=\"container\">\n\t\t\t\t<div class=\"elementor-element elementor-element-7cf04b7 elementor-widget elementor-widget-heading\" data-id=\"7cf04b7\" data-element_type=\"widget\" data-e-type=\"widget\" data-widget_type=\"heading.default\">\n\t\t\t\t\t<h3 class=\"elementor-heading-title elementor-size-default\">7. Muutokset t\u00e4h\u00e4n k\u00e4yt\u00e4nt\u00f6\u00f6n<\/h3>\t\t\t\t<\/div>\n\t\t<div class=\"has_eae_slider elementor-element elementor-element-27f713f e-con-full e-flex e-con e-child\" data-eae-slider=\"61445\" data-id=\"27f713f\" data-element_type=\"container\" data-e-type=\"container\">\n\t\t\t\t<div class=\"elementor-element elementor-element-8a7535a elementor-widget elementor-widget-text-editor\" data-id=\"8a7535a\" data-element_type=\"widget\" data-e-type=\"widget\" data-widget_type=\"text-editor.default\">\n\t\t\t\t\t\t\t\t\t<p>Saatamme p\u00e4ivitt\u00e4\u00e4 t\u00e4t\u00e4 tietosuojak\u00e4yt\u00e4nt\u00f6\u00e4 aika ajoin. Mahdolliset muutokset julkaistaan t\u00e4ll\u00e4 sivulla p\u00e4ivitetyn voimaantulop\u00e4iv\u00e4n kera.<\/p>\t\t\t\t\t\t\t\t<\/div>\n\t\t\t\t<\/div>\n\t\t\t\t<\/div>\n\t\t<div class=\"has_eae_slider elementor-element elementor-element-86d803f e-con-full e-flex e-con e-child\" data-eae-slider=\"9254\" data-id=\"86d803f\" data-element_type=\"container\" data-e-type=\"container\">\n\t\t\t\t<div class=\"elementor-element elementor-element-95c7b1e elementor-widget elementor-widget-heading\" data-id=\"95c7b1e\" data-element_type=\"widget\" data-e-type=\"widget\" data-widget_type=\"heading.default\">\n\t\t\t\t\t<h3 class=\"elementor-heading-title elementor-size-default\">8. Ota yhteytt\u00e4<\/h3>\t\t\t\t<\/div>\n\t\t<div class=\"has_eae_slider elementor-element elementor-element-8b75a93 e-con-full e-flex e-con e-child\" data-eae-slider=\"17473\" data-id=\"8b75a93\" data-element_type=\"container\" data-e-type=\"container\">\n\t\t\t\t<div class=\"elementor-element elementor-element-e0f81bf link elementor-widget elementor-widget-text-editor\" data-id=\"e0f81bf\" data-element_type=\"widget\" data-e-type=\"widget\" data-widget_type=\"text-editor.default\">\n\t\t\t\t\t\t\t\t\t<p>Jos sinulla on kysytt\u00e4v\u00e4\u00e4 t\u00e4st\u00e4 tietosuojak\u00e4yt\u00e4nn\u00f6st\u00e4, ota meihin yhteytt\u00e4 osoitteeseen <a href=\"mailto:webmaster@delistar-trailer.com\">webmaster@delistar-trailer.com<\/a>.<\/p>\t\t\t\t\t\t\t\t<\/div>\n\t\t\t\t<\/div>\n\t\t\t\t<\/div>\n\t\t\t\t<\/div>\n\t\t\t\t\t<\/div>\n\t\t\t\t<\/div>\n\t\t\t\t<\/div>\n\t\t","protected":false},"excerpt":{"rendered":"<p>T\u00e4yt\u00e4nt\u00f6\u00f6npanop\u00e4iv\u00e4: 20.3.2025. Yksityisyytesi on meille t\u00e4rke\u00e4\u00e4. T\u00e4ss\u00e4 tietosuojak\u00e4yt\u00e4nn\u00f6ss\u00e4 selitet\u00e4\u00e4n, miten ker\u00e4\u00e4mme, k\u00e4yt\u00e4mme ja suojaamme tietojasi, kun vierailet verkkosivustollamme delistar-trailer.com. 1. Ker\u00e4\u00e4m\u00e4mme tiedot Voimme ker\u00e4t\u00e4 seuraavanlaisia tietoja: Henkil\u00f6kohtaiset tiedot (kuten nimi, s\u00e4hk\u00f6postiosoite jne.), kun annat ne vapaaehtoisesti. Automaattisesti ker\u00e4tyt ei-henkil\u00f6kohtaiset tiedot (kuten selaimen tyyppi jne.). 2. Miten k\u00e4yt\u00e4mme tietojasi K\u00e4yt\u00e4mme ker\u00e4ttyj\u00e4 tietoja: Parantaa verkkosivustoamme ja k\u00e4ytt\u00e4j\u00e4kokemusta. [&hellip;]<\/p>\n","protected":false},"author":1,"featured_media":4137,"parent":0,"menu_order":0,"comment_status":"closed","ping_status":"open","template":"","meta":{"_eb_attr":"","footnotes":""},"class_list":["post-4834","page","type-page","status-publish","has-post-thumbnail","hentry"],"yoast_head":"<!-- This site is optimized with the Yoast SEO plugin v27.4 - https:\/\/yoast.com\/product\/yoast-seo-wordpress\/ -->\n<title>Tietosuojak\u00e4yt\u00e4nt\u00f6 - Deli Star Trailer<\/title>\n<meta name=\"robots\" content=\"index, follow, max-snippet:-1, max-image-preview:large, max-video-preview:-1\" \/>\n<link rel=\"canonical\" href=\"https:\/\/www.delistar-trailer.com\/fi\/tietosuojakaytanto\/\" \/>\n<meta property=\"og:locale\" content=\"fi_FI\" \/>\n<meta property=\"og:type\" content=\"article\" \/>\n<meta property=\"og:title\" content=\"Tietosuojak\u00e4yt\u00e4nt\u00f6 - Deli Star Trailer\" \/>\n<meta property=\"og:description\" content=\"T\u00e4yt\u00e4nt\u00f6\u00f6npanop\u00e4iv\u00e4: 20.3.2025. Yksityisyytesi on meille t\u00e4rke\u00e4\u00e4. T\u00e4ss\u00e4 tietosuojak\u00e4yt\u00e4nn\u00f6ss\u00e4 selitet\u00e4\u00e4n, miten ker\u00e4\u00e4mme, k\u00e4yt\u00e4mme ja suojaamme tietojasi, kun vierailet verkkosivustollamme delistar-trailer.com. 1. Ker\u00e4\u00e4m\u00e4mme tiedot Voimme ker\u00e4t\u00e4 seuraavanlaisia tietoja: Henkil\u00f6kohtaiset tiedot (kuten nimi, s\u00e4hk\u00f6postiosoite jne.), kun annat ne vapaaehtoisesti. Automaattisesti ker\u00e4tyt ei-henkil\u00f6kohtaiset tiedot (kuten selaimen tyyppi jne.). 2. Miten k\u00e4yt\u00e4mme tietojasi K\u00e4yt\u00e4mme ker\u00e4ttyj\u00e4 tietoja: Parantaa verkkosivustoamme ja k\u00e4ytt\u00e4j\u00e4kokemusta. [&hellip;]\" \/>\n<meta property=\"og:url\" content=\"https:\/\/www.delistar-trailer.com\/fi\/tietosuojakaytanto\/\" \/>\n<meta property=\"og:site_name\" content=\"Deli Star Trailer\" \/>\n<meta property=\"article:modified_time\" content=\"2025-10-28T13:55:07+00:00\" \/>\n<meta property=\"og:image\" content=\"https:\/\/www.delistar-trailer.com\/wp-content\/uploads\/2025\/03\/privacy-policy-featured-image.jpg\" \/>\n\t<meta property=\"og:image:width\" content=\"1920\" \/>\n\t<meta property=\"og:image:height\" content=\"1080\" \/>\n\t<meta property=\"og:image:type\" content=\"image\/jpeg\" \/>\n<meta name=\"twitter:card\" content=\"summary_large_image\" \/>\n<meta name=\"twitter:label1\" content=\"Arvioitu lukuaika\" \/>\n\t<meta name=\"twitter:data1\" content=\"1 minuutti\" \/>\n<script type=\"application\/ld+json\" class=\"yoast-schema-graph\">{\"@context\":\"https:\\\/\\\/schema.org\",\"@graph\":[{\"@type\":\"WebPage\",\"@id\":\"https:\\\/\\\/www.delistar-trailer.com\\\/fi\\\/tietosuojakaytanto\\\/\",\"url\":\"https:\\\/\\\/www.delistar-trailer.com\\\/fi\\\/tietosuojakaytanto\\\/\",\"name\":\"Tietosuojak\u00e4yt\u00e4nt\u00f6 - Deli Star Trailer\",\"isPartOf\":{\"@id\":\"https:\\\/\\\/www.delistar-trailer.com\\\/fi\\\/#website\"},\"primaryImageOfPage\":{\"@id\":\"https:\\\/\\\/www.delistar-trailer.com\\\/fi\\\/tietosuojakaytanto\\\/#primaryimage\"},\"image\":{\"@id\":\"https:\\\/\\\/www.delistar-trailer.com\\\/fi\\\/tietosuojakaytanto\\\/#primaryimage\"},\"thumbnailUrl\":\"https:\\\/\\\/www.delistar-trailer.com\\\/wp-content\\\/uploads\\\/2025\\\/03\\\/privacy-policy-featured-image.jpg\",\"datePublished\":\"2024-12-09T12:46:48+00:00\",\"dateModified\":\"2025-10-28T13:55:07+00:00\",\"breadcrumb\":{\"@id\":\"https:\\\/\\\/www.delistar-trailer.com\\\/fi\\\/tietosuojakaytanto\\\/#breadcrumb\"},\"inLanguage\":\"fi\",\"potentialAction\":[{\"@type\":\"ReadAction\",\"target\":[\"https:\\\/\\\/www.delistar-trailer.com\\\/fi\\\/tietosuojakaytanto\\\/\"]}]},{\"@type\":\"ImageObject\",\"inLanguage\":\"fi\",\"@id\":\"https:\\\/\\\/www.delistar-trailer.com\\\/fi\\\/tietosuojakaytanto\\\/#primaryimage\",\"url\":\"https:\\\/\\\/www.delistar-trailer.com\\\/wp-content\\\/uploads\\\/2025\\\/03\\\/privacy-policy-featured-image.jpg\",\"contentUrl\":\"https:\\\/\\\/www.delistar-trailer.com\\\/wp-content\\\/uploads\\\/2025\\\/03\\\/privacy-policy-featured-image.jpg\",\"width\":1920,\"height\":1080,\"caption\":\"P\"},{\"@type\":\"BreadcrumbList\",\"@id\":\"https:\\\/\\\/www.delistar-trailer.com\\\/fi\\\/tietosuojakaytanto\\\/#breadcrumb\",\"itemListElement\":[{\"@type\":\"ListItem\",\"position\":1,\"name\":\"Home\",\"item\":\"https:\\\/\\\/www.delistar-trailer.com\\\/fi\\\/\"},{\"@type\":\"ListItem\",\"position\":2,\"name\":\"Tietosuojak\u00e4yt\u00e4nt\u00f6\"}]},{\"@type\":\"WebSite\",\"@id\":\"https:\\\/\\\/www.delistar-trailer.com\\\/fi\\\/#website\",\"url\":\"https:\\\/\\\/www.delistar-trailer.com\\\/fi\\\/\",\"name\":\"Deli Star Trailer\",\"description\":\"Sells on the outside, works on the inside\",\"publisher\":{\"@id\":\"https:\\\/\\\/www.delistar-trailer.com\\\/fi\\\/#organization\"},\"potentialAction\":[{\"@type\":\"SearchAction\",\"target\":{\"@type\":\"EntryPoint\",\"urlTemplate\":\"https:\\\/\\\/www.delistar-trailer.com\\\/fi\\\/?s={search_term_string}\"},\"query-input\":{\"@type\":\"PropertyValueSpecification\",\"valueRequired\":true,\"valueName\":\"search_term_string\"}}],\"inLanguage\":\"fi\"},{\"@type\":\"Organization\",\"@id\":\"https:\\\/\\\/www.delistar-trailer.com\\\/fi\\\/#organization\",\"name\":\"Deli Star Trailer\",\"url\":\"https:\\\/\\\/www.delistar-trailer.com\\\/fi\\\/\",\"logo\":{\"@type\":\"ImageObject\",\"inLanguage\":\"fi\",\"@id\":\"https:\\\/\\\/www.delistar-trailer.com\\\/fi\\\/#\\\/schema\\\/logo\\\/image\\\/\",\"url\":\"https:\\\/\\\/www.delistar-trailer.com\\\/wp-content\\\/uploads\\\/2025\\\/03\\\/Delistar-trailer-logo-RGB.webp\",\"contentUrl\":\"https:\\\/\\\/www.delistar-trailer.com\\\/wp-content\\\/uploads\\\/2025\\\/03\\\/Delistar-trailer-logo-RGB.webp\",\"width\":1080,\"height\":433,\"caption\":\"Deli Star Trailer\"},\"image\":{\"@id\":\"https:\\\/\\\/www.delistar-trailer.com\\\/fi\\\/#\\\/schema\\\/logo\\\/image\\\/\"}}]}<\/script>\n<!-- \/ Yoast SEO plugin. -->","yoast_head_json":{"title":"Tietosuojak\u00e4yt\u00e4nt\u00f6 - Deli Star Trailer","robots":{"index":"index","follow":"follow","max-snippet":"max-snippet:-1","max-image-preview":"max-image-preview:large","max-video-preview":"max-video-preview:-1"},"canonical":"https:\/\/www.delistar-trailer.com\/fi\/tietosuojakaytanto\/","og_locale":"fi_FI","og_type":"article","og_title":"Tietosuojak\u00e4yt\u00e4nt\u00f6 - Deli Star Trailer","og_description":"T\u00e4yt\u00e4nt\u00f6\u00f6npanop\u00e4iv\u00e4: 20.3.2025. Yksityisyytesi on meille t\u00e4rke\u00e4\u00e4. T\u00e4ss\u00e4 tietosuojak\u00e4yt\u00e4nn\u00f6ss\u00e4 selitet\u00e4\u00e4n, miten ker\u00e4\u00e4mme, k\u00e4yt\u00e4mme ja suojaamme tietojasi, kun vierailet verkkosivustollamme delistar-trailer.com. 1. Ker\u00e4\u00e4m\u00e4mme tiedot Voimme ker\u00e4t\u00e4 seuraavanlaisia tietoja: Henkil\u00f6kohtaiset tiedot (kuten nimi, s\u00e4hk\u00f6postiosoite jne.), kun annat ne vapaaehtoisesti. Automaattisesti ker\u00e4tyt ei-henkil\u00f6kohtaiset tiedot (kuten selaimen tyyppi jne.). 2. Miten k\u00e4yt\u00e4mme tietojasi K\u00e4yt\u00e4mme ker\u00e4ttyj\u00e4 tietoja: Parantaa verkkosivustoamme ja k\u00e4ytt\u00e4j\u00e4kokemusta. [&hellip;]","og_url":"https:\/\/www.delistar-trailer.com\/fi\/tietosuojakaytanto\/","og_site_name":"Deli Star Trailer","article_modified_time":"2025-10-28T13:55:07+00:00","og_image":[{"width":1920,"height":1080,"url":"https:\/\/www.delistar-trailer.com\/wp-content\/uploads\/2025\/03\/privacy-policy-featured-image.jpg","type":"image\/jpeg"}],"twitter_card":"summary_large_image","twitter_misc":{"Arvioitu lukuaika":"1 minuutti"},"schema":{"@context":"https:\/\/schema.org","@graph":[{"@type":"WebPage","@id":"https:\/\/www.delistar-trailer.com\/fi\/tietosuojakaytanto\/","url":"https:\/\/www.delistar-trailer.com\/fi\/tietosuojakaytanto\/","name":"Tietosuojak\u00e4yt\u00e4nt\u00f6 - Deli Star Trailer","isPartOf":{"@id":"https:\/\/www.delistar-trailer.com\/fi\/#website"},"primaryImageOfPage":{"@id":"https:\/\/www.delistar-trailer.com\/fi\/tietosuojakaytanto\/#primaryimage"},"image":{"@id":"https:\/\/www.delistar-trailer.com\/fi\/tietosuojakaytanto\/#primaryimage"},"thumbnailUrl":"https:\/\/www.delistar-trailer.com\/wp-content\/uploads\/2025\/03\/privacy-policy-featured-image.jpg","datePublished":"2024-12-09T12:46:48+00:00","dateModified":"2025-10-28T13:55:07+00:00","breadcrumb":{"@id":"https:\/\/www.delistar-trailer.com\/fi\/tietosuojakaytanto\/#breadcrumb"},"inLanguage":"fi","potentialAction":[{"@type":"ReadAction","target":["https:\/\/www.delistar-trailer.com\/fi\/tietosuojakaytanto\/"]}]},{"@type":"ImageObject","inLanguage":"fi","@id":"https:\/\/www.delistar-trailer.com\/fi\/tietosuojakaytanto\/#primaryimage","url":"https:\/\/www.delistar-trailer.com\/wp-content\/uploads\/2025\/03\/privacy-policy-featured-image.jpg","contentUrl":"https:\/\/www.delistar-trailer.com\/wp-content\/uploads\/2025\/03\/privacy-policy-featured-image.jpg","width":1920,"height":1080,"caption":"P"},{"@type":"BreadcrumbList","@id":"https:\/\/www.delistar-trailer.com\/fi\/tietosuojakaytanto\/#breadcrumb","itemListElement":[{"@type":"ListItem","position":1,"name":"Home","item":"https:\/\/www.delistar-trailer.com\/fi\/"},{"@type":"ListItem","position":2,"name":"Tietosuojak\u00e4yt\u00e4nt\u00f6"}]},{"@type":"WebSite","@id":"https:\/\/www.delistar-trailer.com\/fi\/#website","url":"https:\/\/www.delistar-trailer.com\/fi\/","name":"Deli Star Trailer","description":"Sells on the outside, works on the inside","publisher":{"@id":"https:\/\/www.delistar-trailer.com\/fi\/#organization"},"potentialAction":[{"@type":"SearchAction","target":{"@type":"EntryPoint","urlTemplate":"https:\/\/www.delistar-trailer.com\/fi\/?s={search_term_string}"},"query-input":{"@type":"PropertyValueSpecification","valueRequired":true,"valueName":"search_term_string"}}],"inLanguage":"fi"},{"@type":"Organization","@id":"https:\/\/www.delistar-trailer.com\/fi\/#organization","name":"Deli Star Trailer","url":"https:\/\/www.delistar-trailer.com\/fi\/","logo":{"@type":"ImageObject","inLanguage":"fi","@id":"https:\/\/www.delistar-trailer.com\/fi\/#\/schema\/logo\/image\/","url":"https:\/\/www.delistar-trailer.com\/wp-content\/uploads\/2025\/03\/Delistar-trailer-logo-RGB.webp","contentUrl":"https:\/\/www.delistar-trailer.com\/wp-content\/uploads\/2025\/03\/Delistar-trailer-logo-RGB.webp","width":1080,"height":433,"caption":"Deli Star Trailer"},"image":{"@id":"https:\/\/www.delistar-trailer.com\/fi\/#\/schema\/logo\/image\/"}}]}},"_links":{"self":[{"href":"https:\/\/www.delistar-trailer.com\/fi\/wp-json\/wp\/v2\/pages\/4834","targetHints":{"allow":["GET"]}}],"collection":[{"href":"https:\/\/www.delistar-trailer.com\/fi\/wp-json\/wp\/v2\/pages"}],"about":[{"href":"https:\/\/www.delistar-trailer.com\/fi\/wp-json\/wp\/v2\/types\/page"}],"author":[{"embeddable":true,"href":"https:\/\/www.delistar-trailer.com\/fi\/wp-json\/wp\/v2\/users\/1"}],"replies":[{"embeddable":true,"href":"https:\/\/www.delistar-trailer.com\/fi\/wp-json\/wp\/v2\/comments?post=4834"}],"version-history":[{"count":2,"href":"https:\/\/www.delistar-trailer.com\/fi\/wp-json\/wp\/v2\/pages\/4834\/revisions"}],"predecessor-version":[{"id":7101,"href":"https:\/\/www.delistar-trailer.com\/fi\/wp-json\/wp\/v2\/pages\/4834\/revisions\/7101"}],"wp:featuredmedia":[{"embeddable":true,"href":"https:\/\/www.delistar-trailer.com\/fi\/wp-json\/wp\/v2\/media\/4137"}],"wp:attachment":[{"href":"https:\/\/www.delistar-trailer.com\/fi\/wp-json\/wp\/v2\/media?parent=4834"}],"curies":[{"name":"wp","href":"https:\/\/api.w.org\/{rel}","templated":true}]}}