{"id":2257,"date":"2025-03-06T16:59:05","date_gmt":"2025-03-06T14:59:05","guid":{"rendered":"https:\/\/www.delistar-trailer.com\/liikkuva-toimisto-toimistovaunu\/"},"modified":"2025-03-20T15:31:31","modified_gmt":"2025-03-20T13:31:31","slug":"liikkuva-toimisto-toimistovaunu","status":"publish","type":"page","link":"https:\/\/www.delistar-trailer.com\/fi\/liikkuva-toimisto-toimistovaunu\/","title":{"rendered":"Liikkuva toimisto, toimistovaunu"},"content":{"rendered":"\n<p id=\"block-61df2363-83d2-4c85-b59c-1c6d29a0a41c\">Deli Series- ja American-alustamme sopivat erinomaisesti r\u00e4\u00e4t\u00e4l\u00f6ityihin, liikkuviin toimistoratkaisuihin terveysalan toimijoille, tutkijoille ja muille ammattilaisille, jotka tarvitsevat puhtaita ja ilmastoituja tiloja kentt\u00e4olosuhteissa.<\/p>\n\n\n\n<h3 class=\"wp-block-heading\">Deli Series- ja American-vaunujen ominaisuuksia:<\/h3>\n\n\n\n<ul class=\"wp-block-list\">\n<li>moderni ja tyylik\u00e4s muotoilu<\/li>\n\n\n\n<li>vahva, kuumasinkitty ter\u00e4srunko<\/li>\n\n\n\n<li>hyvin eristetyt sein\u00e4t<\/li>\n\n\n\n<li>AL-KO akselit, jarrut ja vetop\u00e4\u00e4t<\/li>\n\n\n\n<li>matalalattia-alusta &#8211; oikea myyntikorkeus asiakkaaseen n\u00e4hden (valinnainen American-sarjassa)<\/li>\n\n\n\n<li>suuret l\u00e4p\u00e4t myyntisuunnassa &#8211; erinomainen tuotteiden n\u00e4kyvyys<\/li>\n\n\n\n<li>ty\u00f6tasot ja kaapistot ruostumatonta ter\u00e4st\u00e4<\/li>\n\n\n\n<li>ilmastointi saatavilla koko sis\u00e4tilan j\u00e4\u00e4hdytykseen kes\u00e4kaudella<\/li>\n\n\n\n<li>hygieniapiste<\/li>\n\n\n\n<li>siivous \/ vaatekomero<\/li>\n\n\n\n<li>tehokas led-valaistus sek\u00e4 sis\u00e4ll\u00e4 ett\u00e4 l\u00e4piss\u00e4<\/li>\n\n\n\n<li>paljon pistorasioita<\/li>\n\n\n\n<li>led-valaistu mainostaulu katolla, ohjelmoitava led-taulu saatavilla<\/li>\n\n\n\n<li>vakiomallien sis\u00e4pituudet: 3 m | 4 m | 5 m | 6 m | 7 m | 8 m<\/li>\n\n\n\n<li>vakioleveydet: 2.25 m | 2,40 m<\/li>\n\n\n\n<li>3-4 m yksiakselisena, 5-8 m kaksiakselisena<\/li>\n\n\n\n<li>r\u00e4\u00e4t\u00e4l\u00f6idyt koot mahdollisia<\/li>\n\n\n\n<li>saatavilla joko alumiinipintaisena kaikissa RAL Classic -v\u00e4rikartan s\u00e4vyiss\u00e4 tai kiillotetulla rosteripinnalla (vain American)<\/li>\n\n\n\n<li>vuoden takuu<\/li>\n<\/ul>\n","protected":false},"excerpt":{"rendered":"<p>Deli Series- ja American-alustamme sopivat erinomaisesti r\u00e4\u00e4t\u00e4l\u00f6ityihin, liikkuviin toimistoratkaisuihin terveysalan toimijoille, tutkijoille ja muille ammattilaisille, jotka tarvitsevat puhtaita ja ilmastoituja tiloja kentt\u00e4olosuhteissa.<\/p>\n","protected":false},"author":2,"featured_media":1606,"parent":0,"menu_order":0,"comment_status":"closed","ping_status":"closed","template":"","meta":{"_eb_attr":"","footnotes":""},"class_list":["post-2257","page","type-page","status-publish","has-post-thumbnail","hentry"],"yoast_head":"<!-- This site is optimized with the Yoast SEO plugin v27.5 - https:\/\/yoast.com\/product\/yoast-seo-wordpress\/ -->\n<title>Liikkuva toimisto, toimistovaunu - Deli Star Trailer<\/title>\n<meta name=\"robots\" content=\"index, follow, max-snippet:-1, max-image-preview:large, max-video-preview:-1\" \/>\n<link rel=\"canonical\" href=\"https:\/\/www.delistar-trailer.com\/fi\/liikkuva-toimisto-toimistovaunu\/\" \/>\n<meta property=\"og:locale\" content=\"fi_FI\" \/>\n<meta property=\"og:type\" content=\"article\" \/>\n<meta property=\"og:title\" content=\"Liikkuva toimisto, toimistovaunu - Deli Star Trailer\" \/>\n<meta property=\"og:description\" content=\"Deli Series- ja American-alustamme sopivat erinomaisesti r\u00e4\u00e4t\u00e4l\u00f6ityihin, liikkuviin toimistoratkaisuihin terveysalan toimijoille, tutkijoille ja muille ammattilaisille, jotka tarvitsevat puhtaita ja ilmastoituja tiloja kentt\u00e4olosuhteissa.\" \/>\n<meta property=\"og:url\" content=\"https:\/\/www.delistar-trailer.com\/fi\/liikkuva-toimisto-toimistovaunu\/\" \/>\n<meta property=\"og:site_name\" content=\"Deli Star Trailer\" \/>\n<meta property=\"article:modified_time\" content=\"2025-03-20T13:31:31+00:00\" \/>\n<meta property=\"og:image\" content=\"https:\/\/www.delistar-trailer.com\/wp-content\/uploads\/2025\/03\/6000-Mobile-Office-Accessible.webp\" \/>\n\t<meta property=\"og:image:width\" content=\"1500\" \/>\n\t<meta property=\"og:image:height\" content=\"796\" \/>\n\t<meta property=\"og:image:type\" content=\"image\/webp\" \/>\n<meta name=\"twitter:card\" content=\"summary_large_image\" \/>\n<script type=\"application\/ld+json\" class=\"yoast-schema-graph\">{\"@context\":\"https:\\\/\\\/schema.org\",\"@graph\":[{\"@type\":\"WebPage\",\"@id\":\"https:\\\/\\\/www.delistar-trailer.com\\\/fi\\\/liikkuva-toimisto-toimistovaunu\\\/\",\"url\":\"https:\\\/\\\/www.delistar-trailer.com\\\/fi\\\/liikkuva-toimisto-toimistovaunu\\\/\",\"name\":\"Liikkuva toimisto, toimistovaunu - Deli Star Trailer\",\"isPartOf\":{\"@id\":\"https:\\\/\\\/www.delistar-trailer.com\\\/fi\\\/#website\"},\"primaryImageOfPage\":{\"@id\":\"https:\\\/\\\/www.delistar-trailer.com\\\/fi\\\/liikkuva-toimisto-toimistovaunu\\\/#primaryimage\"},\"image\":{\"@id\":\"https:\\\/\\\/www.delistar-trailer.com\\\/fi\\\/liikkuva-toimisto-toimistovaunu\\\/#primaryimage\"},\"thumbnailUrl\":\"https:\\\/\\\/www.delistar-trailer.com\\\/wp-content\\\/uploads\\\/2025\\\/03\\\/6000-Mobile-Office-Accessible.webp\",\"datePublished\":\"2025-03-06T14:59:05+00:00\",\"dateModified\":\"2025-03-20T13:31:31+00:00\",\"breadcrumb\":{\"@id\":\"https:\\\/\\\/www.delistar-trailer.com\\\/fi\\\/liikkuva-toimisto-toimistovaunu\\\/#breadcrumb\"},\"inLanguage\":\"fi\",\"potentialAction\":[{\"@type\":\"ReadAction\",\"target\":[\"https:\\\/\\\/www.delistar-trailer.com\\\/fi\\\/liikkuva-toimisto-toimistovaunu\\\/\"]}]},{\"@type\":\"ImageObject\",\"inLanguage\":\"fi\",\"@id\":\"https:\\\/\\\/www.delistar-trailer.com\\\/fi\\\/liikkuva-toimisto-toimistovaunu\\\/#primaryimage\",\"url\":\"https:\\\/\\\/www.delistar-trailer.com\\\/wp-content\\\/uploads\\\/2025\\\/03\\\/6000-Mobile-Office-Accessible.webp\",\"contentUrl\":\"https:\\\/\\\/www.delistar-trailer.com\\\/wp-content\\\/uploads\\\/2025\\\/03\\\/6000-Mobile-Office-Accessible.webp\",\"width\":1500,\"height\":796,\"caption\":\"Delistar-trailer customized trailer solutions are perfect for mobile offices.\"},{\"@type\":\"BreadcrumbList\",\"@id\":\"https:\\\/\\\/www.delistar-trailer.com\\\/fi\\\/liikkuva-toimisto-toimistovaunu\\\/#breadcrumb\",\"itemListElement\":[{\"@type\":\"ListItem\",\"position\":1,\"name\":\"Home\",\"item\":\"https:\\\/\\\/www.delistar-trailer.com\\\/fi\\\/\"},{\"@type\":\"ListItem\",\"position\":2,\"name\":\"Liikkuva toimisto, toimistovaunu\"}]},{\"@type\":\"WebSite\",\"@id\":\"https:\\\/\\\/www.delistar-trailer.com\\\/fi\\\/#website\",\"url\":\"https:\\\/\\\/www.delistar-trailer.com\\\/fi\\\/\",\"name\":\"Deli Star Trailer\",\"description\":\"Sells on the outside, works on the inside\",\"publisher\":{\"@id\":\"https:\\\/\\\/www.delistar-trailer.com\\\/fi\\\/#organization\"},\"potentialAction\":[{\"@type\":\"SearchAction\",\"target\":{\"@type\":\"EntryPoint\",\"urlTemplate\":\"https:\\\/\\\/www.delistar-trailer.com\\\/fi\\\/?s={search_term_string}\"},\"query-input\":{\"@type\":\"PropertyValueSpecification\",\"valueRequired\":true,\"valueName\":\"search_term_string\"}}],\"inLanguage\":\"fi\"},{\"@type\":\"Organization\",\"@id\":\"https:\\\/\\\/www.delistar-trailer.com\\\/fi\\\/#organization\",\"name\":\"Deli Star Trailer\",\"url\":\"https:\\\/\\\/www.delistar-trailer.com\\\/fi\\\/\",\"logo\":{\"@type\":\"ImageObject\",\"inLanguage\":\"fi\",\"@id\":\"https:\\\/\\\/www.delistar-trailer.com\\\/fi\\\/#\\\/schema\\\/logo\\\/image\\\/\",\"url\":\"https:\\\/\\\/www.delistar-trailer.com\\\/wp-content\\\/uploads\\\/2025\\\/03\\\/Delistar-trailer-logo-RGB.webp\",\"contentUrl\":\"https:\\\/\\\/www.delistar-trailer.com\\\/wp-content\\\/uploads\\\/2025\\\/03\\\/Delistar-trailer-logo-RGB.webp\",\"width\":1080,\"height\":433,\"caption\":\"Deli Star Trailer\"},\"image\":{\"@id\":\"https:\\\/\\\/www.delistar-trailer.com\\\/fi\\\/#\\\/schema\\\/logo\\\/image\\\/\"}}]}<\/script>\n<!-- \/ Yoast SEO plugin. -->","yoast_head_json":{"title":"Liikkuva toimisto, toimistovaunu - Deli Star Trailer","robots":{"index":"index","follow":"follow","max-snippet":"max-snippet:-1","max-image-preview":"max-image-preview:large","max-video-preview":"max-video-preview:-1"},"canonical":"https:\/\/www.delistar-trailer.com\/fi\/liikkuva-toimisto-toimistovaunu\/","og_locale":"fi_FI","og_type":"article","og_title":"Liikkuva toimisto, toimistovaunu - Deli Star Trailer","og_description":"Deli Series- ja American-alustamme sopivat erinomaisesti r\u00e4\u00e4t\u00e4l\u00f6ityihin, liikkuviin toimistoratkaisuihin terveysalan toimijoille, tutkijoille ja muille ammattilaisille, jotka tarvitsevat puhtaita ja ilmastoituja tiloja kentt\u00e4olosuhteissa.","og_url":"https:\/\/www.delistar-trailer.com\/fi\/liikkuva-toimisto-toimistovaunu\/","og_site_name":"Deli Star Trailer","article_modified_time":"2025-03-20T13:31:31+00:00","og_image":[{"width":1500,"height":796,"url":"https:\/\/www.delistar-trailer.com\/wp-content\/uploads\/2025\/03\/6000-Mobile-Office-Accessible.webp","type":"image\/webp"}],"twitter_card":"summary_large_image","schema":{"@context":"https:\/\/schema.org","@graph":[{"@type":"WebPage","@id":"https:\/\/www.delistar-trailer.com\/fi\/liikkuva-toimisto-toimistovaunu\/","url":"https:\/\/www.delistar-trailer.com\/fi\/liikkuva-toimisto-toimistovaunu\/","name":"Liikkuva toimisto, toimistovaunu - Deli Star Trailer","isPartOf":{"@id":"https:\/\/www.delistar-trailer.com\/fi\/#website"},"primaryImageOfPage":{"@id":"https:\/\/www.delistar-trailer.com\/fi\/liikkuva-toimisto-toimistovaunu\/#primaryimage"},"image":{"@id":"https:\/\/www.delistar-trailer.com\/fi\/liikkuva-toimisto-toimistovaunu\/#primaryimage"},"thumbnailUrl":"https:\/\/www.delistar-trailer.com\/wp-content\/uploads\/2025\/03\/6000-Mobile-Office-Accessible.webp","datePublished":"2025-03-06T14:59:05+00:00","dateModified":"2025-03-20T13:31:31+00:00","breadcrumb":{"@id":"https:\/\/www.delistar-trailer.com\/fi\/liikkuva-toimisto-toimistovaunu\/#breadcrumb"},"inLanguage":"fi","potentialAction":[{"@type":"ReadAction","target":["https:\/\/www.delistar-trailer.com\/fi\/liikkuva-toimisto-toimistovaunu\/"]}]},{"@type":"ImageObject","inLanguage":"fi","@id":"https:\/\/www.delistar-trailer.com\/fi\/liikkuva-toimisto-toimistovaunu\/#primaryimage","url":"https:\/\/www.delistar-trailer.com\/wp-content\/uploads\/2025\/03\/6000-Mobile-Office-Accessible.webp","contentUrl":"https:\/\/www.delistar-trailer.com\/wp-content\/uploads\/2025\/03\/6000-Mobile-Office-Accessible.webp","width":1500,"height":796,"caption":"Delistar-trailer customized trailer solutions are perfect for mobile offices."},{"@type":"BreadcrumbList","@id":"https:\/\/www.delistar-trailer.com\/fi\/liikkuva-toimisto-toimistovaunu\/#breadcrumb","itemListElement":[{"@type":"ListItem","position":1,"name":"Home","item":"https:\/\/www.delistar-trailer.com\/fi\/"},{"@type":"ListItem","position":2,"name":"Liikkuva toimisto, toimistovaunu"}]},{"@type":"WebSite","@id":"https:\/\/www.delistar-trailer.com\/fi\/#website","url":"https:\/\/www.delistar-trailer.com\/fi\/","name":"Deli Star Trailer","description":"Sells on the outside, works on the inside","publisher":{"@id":"https:\/\/www.delistar-trailer.com\/fi\/#organization"},"potentialAction":[{"@type":"SearchAction","target":{"@type":"EntryPoint","urlTemplate":"https:\/\/www.delistar-trailer.com\/fi\/?s={search_term_string}"},"query-input":{"@type":"PropertyValueSpecification","valueRequired":true,"valueName":"search_term_string"}}],"inLanguage":"fi"},{"@type":"Organization","@id":"https:\/\/www.delistar-trailer.com\/fi\/#organization","name":"Deli Star Trailer","url":"https:\/\/www.delistar-trailer.com\/fi\/","logo":{"@type":"ImageObject","inLanguage":"fi","@id":"https:\/\/www.delistar-trailer.com\/fi\/#\/schema\/logo\/image\/","url":"https:\/\/www.delistar-trailer.com\/wp-content\/uploads\/2025\/03\/Delistar-trailer-logo-RGB.webp","contentUrl":"https:\/\/www.delistar-trailer.com\/wp-content\/uploads\/2025\/03\/Delistar-trailer-logo-RGB.webp","width":1080,"height":433,"caption":"Deli Star Trailer"},"image":{"@id":"https:\/\/www.delistar-trailer.com\/fi\/#\/schema\/logo\/image\/"}}]}},"_links":{"self":[{"href":"https:\/\/www.delistar-trailer.com\/fi\/wp-json\/wp\/v2\/pages\/2257","targetHints":{"allow":["GET"]}}],"collection":[{"href":"https:\/\/www.delistar-trailer.com\/fi\/wp-json\/wp\/v2\/pages"}],"about":[{"href":"https:\/\/www.delistar-trailer.com\/fi\/wp-json\/wp\/v2\/types\/page"}],"author":[{"embeddable":true,"href":"https:\/\/www.delistar-trailer.com\/fi\/wp-json\/wp\/v2\/users\/2"}],"replies":[{"embeddable":true,"href":"https:\/\/www.delistar-trailer.com\/fi\/wp-json\/wp\/v2\/comments?post=2257"}],"version-history":[{"count":1,"href":"https:\/\/www.delistar-trailer.com\/fi\/wp-json\/wp\/v2\/pages\/2257\/revisions"}],"predecessor-version":[{"id":2393,"href":"https:\/\/www.delistar-trailer.com\/fi\/wp-json\/wp\/v2\/pages\/2257\/revisions\/2393"}],"wp:featuredmedia":[{"embeddable":true,"href":"https:\/\/www.delistar-trailer.com\/fi\/wp-json\/wp\/v2\/media\/1606"}],"wp:attachment":[{"href":"https:\/\/www.delistar-trailer.com\/fi\/wp-json\/wp\/v2\/media?parent=2257"}],"curies":[{"name":"wp","href":"https:\/\/api.w.org\/{rel}","templated":true}]}}