{"id":9386,"date":"2025-04-24T12:58:02","date_gmt":"2025-04-24T10:58:02","guid":{"rendered":"https:\/\/www.delistar-trailer.com\/logos\/"},"modified":"2026-03-07T16:55:42","modified_gmt":"2026-03-07T14:55:42","slug":"logos","status":"publish","type":"page","link":"https:\/\/www.delistar-trailer.com\/de\/logos\/","title":{"rendered":"Logos"},"content":{"rendered":"\t\t<div data-elementor-type=\"wp-page\" data-elementor-id=\"9386\" class=\"elementor elementor-9386 elementor-5063\" data-elementor-post-type=\"page\">\n\t\t\t\t<div class=\"has_eae_slider elementor-element elementor-element-6f27a2f e-flex e-con-boxed e-con e-parent\" data-eae-slider=\"73924\" data-id=\"6f27a2f\" data-element_type=\"container\" data-e-type=\"container\">\n\t\t\t\t\t<div class=\"e-con-inner\">\n\t\t\t\t<div class=\"elementor-element elementor-element-f5e9824 elementor-widget elementor-widget-image\" data-id=\"f5e9824\" data-element_type=\"widget\" data-e-type=\"widget\" data-widget_type=\"image.default\">\n\t\t\t\t\t\t\t\t\t\t\t\t\t\t\t<img fetchpriority=\"high\" decoding=\"async\" width=\"400\" height=\"179\" src=\"https:\/\/www.delistar-trailer.com\/wp-content\/uploads\/2025\/04\/Delistar-trailer-logo.webp\" class=\"attachment-large size-large wp-image-5082\" alt=\"\" srcset=\"https:\/\/www.delistar-trailer.com\/wp-content\/uploads\/2025\/04\/Delistar-trailer-logo.webp 400w, https:\/\/www.delistar-trailer.com\/wp-content\/uploads\/2025\/04\/Delistar-trailer-logo-300x134.webp 300w\" sizes=\"(max-width: 400px) 100vw, 400px\" \/>\t\t\t\t\t\t\t\t\t\t\t\t\t\t\t<\/div>\n\t\t\t\t<div class=\"elementor-element elementor-element-4c2d26f elementor-widget elementor-widget-heading\" data-id=\"4c2d26f\" data-element_type=\"widget\" data-e-type=\"widget\" data-widget_type=\"heading.default\">\n\t\t\t\t\t<h5 class=\"elementor-heading-title elementor-size-default\">(Die unbefugte Verwendung der Logos ist untersagt. Sie sind f\u00fcr die Verwendung durch Wiederverk\u00e4ufer f\u00fcr Marketingzwecke usw. bestimmt.)<\/h5>\t\t\t\t<\/div>\n\t\t<div class=\"has_eae_slider elementor-element elementor-element-71f64f3 e-grid e-con-full e-con e-child\" data-eae-slider=\"77861\" data-id=\"71f64f3\" data-element_type=\"container\" data-e-type=\"container\">\n\t\t\t\t<div class=\"elementor-element elementor-element-7bed16b elementor-align-left elementor-widget elementor-widget-button\" data-id=\"7bed16b\" data-element_type=\"widget\" data-e-type=\"widget\" data-widget_type=\"button.default\">\n\t\t\t\t\t\t\t\t\t\t<a class=\"elementor-button elementor-button-link elementor-size-sm\" href=\"\/wp-content\/logos\/Delistar-trailer-logo.jpg\">\n\t\t\t\t\t\t<span class=\"elementor-button-content-wrapper\">\n\t\t\t\t\t\t<span class=\"elementor-button-icon\">\n\t\t\t\t<svg aria-hidden=\"true\" class=\"e-font-icon-svg e-fas-download\" viewBox=\"0 0 512 512\" xmlns=\"http:\/\/www.w3.org\/2000\/svg\"><path d=\"M216 0h80c13.3 0 24 10.7 24 24v168h87.7c17.8 0 26.7 21.5 14.1 34.1L269.7 378.3c-7.5 7.5-19.8 7.5-27.3 0L90.1 226.1c-12.6-12.6-3.7-34.1 14.1-34.1H192V24c0-13.3 10.7-24 24-24zm296 376v112c0 13.3-10.7 24-24 24H24c-13.3 0-24-10.7-24-24V376c0-13.3 10.7-24 24-24h146.7l49 49c20.1 20.1 52.5 20.1 72.6 0l49-49H488c13.3 0 24 10.7 24 24zm-124 88c0-11-9-20-20-20s-20 9-20 20 9 20 20 20 20-9 20-20zm64 0c0-11-9-20-20-20s-20 9-20 20 9 20 20 20 20-9 20-20z\"><\/path><\/svg>\t\t\t<\/span>\n\t\t\t\t\t\t\t\t\t<span class=\"elementor-button-text\">JPG<\/span>\n\t\t\t\t\t<\/span>\n\t\t\t\t\t<\/a>\n\t\t\t\t\t\t\t\t<\/div>\n\t\t\t\t<div class=\"elementor-element elementor-element-f683cd5 elementor-align-left elementor-widget elementor-widget-button\" data-id=\"f683cd5\" data-element_type=\"widget\" data-e-type=\"widget\" data-widget_type=\"button.default\">\n\t\t\t\t\t\t\t\t\t\t<a class=\"elementor-button elementor-button-link elementor-size-sm\" href=\"\/wp-content\/logos\/Delistar-trailer-logo.png\">\n\t\t\t\t\t\t<span class=\"elementor-button-content-wrapper\">\n\t\t\t\t\t\t<span class=\"elementor-button-icon\">\n\t\t\t\t<svg aria-hidden=\"true\" class=\"e-font-icon-svg e-fas-download\" viewBox=\"0 0 512 512\" xmlns=\"http:\/\/www.w3.org\/2000\/svg\"><path d=\"M216 0h80c13.3 0 24 10.7 24 24v168h87.7c17.8 0 26.7 21.5 14.1 34.1L269.7 378.3c-7.5 7.5-19.8 7.5-27.3 0L90.1 226.1c-12.6-12.6-3.7-34.1 14.1-34.1H192V24c0-13.3 10.7-24 24-24zm296 376v112c0 13.3-10.7 24-24 24H24c-13.3 0-24-10.7-24-24V376c0-13.3 10.7-24 24-24h146.7l49 49c20.1 20.1 52.5 20.1 72.6 0l49-49H488c13.3 0 24 10.7 24 24zm-124 88c0-11-9-20-20-20s-20 9-20 20 9 20 20 20 20-9 20-20zm64 0c0-11-9-20-20-20s-20 9-20 20 9 20 20 20 20-9 20-20z\"><\/path><\/svg>\t\t\t<\/span>\n\t\t\t\t\t\t\t\t\t<span class=\"elementor-button-text\">PNG<\/span>\n\t\t\t\t\t<\/span>\n\t\t\t\t\t<\/a>\n\t\t\t\t\t\t\t\t<\/div>\n\t\t\t\t<div class=\"elementor-element elementor-element-0ac7bef elementor-align-left elementor-widget elementor-widget-button\" data-id=\"0ac7bef\" data-element_type=\"widget\" data-e-type=\"widget\" data-widget_type=\"button.default\">\n\t\t\t\t\t\t\t\t\t\t<a class=\"elementor-button elementor-button-link elementor-size-sm\" href=\"\/wp-content\/logos\/Delistar-trailer-logo.webp\">\n\t\t\t\t\t\t<span class=\"elementor-button-content-wrapper\">\n\t\t\t\t\t\t<span class=\"elementor-button-icon\">\n\t\t\t\t<svg aria-hidden=\"true\" class=\"e-font-icon-svg e-fas-download\" viewBox=\"0 0 512 512\" xmlns=\"http:\/\/www.w3.org\/2000\/svg\"><path d=\"M216 0h80c13.3 0 24 10.7 24 24v168h87.7c17.8 0 26.7 21.5 14.1 34.1L269.7 378.3c-7.5 7.5-19.8 7.5-27.3 0L90.1 226.1c-12.6-12.6-3.7-34.1 14.1-34.1H192V24c0-13.3 10.7-24 24-24zm296 376v112c0 13.3-10.7 24-24 24H24c-13.3 0-24-10.7-24-24V376c0-13.3 10.7-24 24-24h146.7l49 49c20.1 20.1 52.5 20.1 72.6 0l49-49H488c13.3 0 24 10.7 24 24zm-124 88c0-11-9-20-20-20s-20 9-20 20 9 20 20 20 20-9 20-20zm64 0c0-11-9-20-20-20s-20 9-20 20 9 20 20 20 20-9 20-20z\"><\/path><\/svg>\t\t\t<\/span>\n\t\t\t\t\t\t\t\t\t<span class=\"elementor-button-text\">WEBP<\/span>\n\t\t\t\t\t<\/span>\n\t\t\t\t\t<\/a>\n\t\t\t\t\t\t\t\t<\/div>\n\t\t\t\t<div class=\"elementor-element elementor-element-b20bf26 elementor-align-left elementor-widget elementor-widget-button\" data-id=\"b20bf26\" data-element_type=\"widget\" data-e-type=\"widget\" data-widget_type=\"button.default\">\n\t\t\t\t\t\t\t\t\t\t<a class=\"elementor-button elementor-button-link elementor-size-sm\" href=\"\/wp-content\/logos\/Delistar-trailer-logo.pdf\">\n\t\t\t\t\t\t<span class=\"elementor-button-content-wrapper\">\n\t\t\t\t\t\t<span class=\"elementor-button-icon\">\n\t\t\t\t<svg aria-hidden=\"true\" class=\"e-font-icon-svg e-fas-download\" viewBox=\"0 0 512 512\" xmlns=\"http:\/\/www.w3.org\/2000\/svg\"><path d=\"M216 0h80c13.3 0 24 10.7 24 24v168h87.7c17.8 0 26.7 21.5 14.1 34.1L269.7 378.3c-7.5 7.5-19.8 7.5-27.3 0L90.1 226.1c-12.6-12.6-3.7-34.1 14.1-34.1H192V24c0-13.3 10.7-24 24-24zm296 376v112c0 13.3-10.7 24-24 24H24c-13.3 0-24-10.7-24-24V376c0-13.3 10.7-24 24-24h146.7l49 49c20.1 20.1 52.5 20.1 72.6 0l49-49H488c13.3 0 24 10.7 24 24zm-124 88c0-11-9-20-20-20s-20 9-20 20 9 20 20 20 20-9 20-20zm64 0c0-11-9-20-20-20s-20 9-20 20 9 20 20 20 20-9 20-20z\"><\/path><\/svg>\t\t\t<\/span>\n\t\t\t\t\t\t\t\t\t<span class=\"elementor-button-text\">PDF<\/span>\n\t\t\t\t\t<\/span>\n\t\t\t\t\t<\/a>\n\t\t\t\t\t\t\t\t<\/div>\n\t\t\t\t<div class=\"elementor-element elementor-element-0229eb7 elementor-align-left elementor-widget elementor-widget-button\" data-id=\"0229eb7\" data-element_type=\"widget\" data-e-type=\"widget\" data-widget_type=\"button.default\">\n\t\t\t\t\t\t\t\t\t\t<a class=\"elementor-button elementor-button-link elementor-size-sm\" href=\"\/wp-content\/logos\/Delistar-trailer-logo.eps\">\n\t\t\t\t\t\t<span class=\"elementor-button-content-wrapper\">\n\t\t\t\t\t\t<span class=\"elementor-button-icon\">\n\t\t\t\t<svg aria-hidden=\"true\" class=\"e-font-icon-svg e-fas-download\" viewBox=\"0 0 512 512\" xmlns=\"http:\/\/www.w3.org\/2000\/svg\"><path d=\"M216 0h80c13.3 0 24 10.7 24 24v168h87.7c17.8 0 26.7 21.5 14.1 34.1L269.7 378.3c-7.5 7.5-19.8 7.5-27.3 0L90.1 226.1c-12.6-12.6-3.7-34.1 14.1-34.1H192V24c0-13.3 10.7-24 24-24zm296 376v112c0 13.3-10.7 24-24 24H24c-13.3 0-24-10.7-24-24V376c0-13.3 10.7-24 24-24h146.7l49 49c20.1 20.1 52.5 20.1 72.6 0l49-49H488c13.3 0 24 10.7 24 24zm-124 88c0-11-9-20-20-20s-20 9-20 20 9 20 20 20 20-9 20-20zm64 0c0-11-9-20-20-20s-20 9-20 20 9 20 20 20 20-9 20-20z\"><\/path><\/svg>\t\t\t<\/span>\n\t\t\t\t\t\t\t\t\t<span class=\"elementor-button-text\">EPS<\/span>\n\t\t\t\t\t<\/span>\n\t\t\t\t\t<\/a>\n\t\t\t\t\t\t\t\t<\/div>\n\t\t\t\t<div class=\"elementor-element elementor-element-83dee84 elementor-align-left elementor-widget elementor-widget-button\" data-id=\"83dee84\" data-element_type=\"widget\" data-e-type=\"widget\" data-widget_type=\"button.default\">\n\t\t\t\t\t\t\t\t\t\t<a class=\"elementor-button elementor-button-link elementor-size-sm\" href=\"\/wp-content\/logos\/Delistar-trailer-logo.ai\">\n\t\t\t\t\t\t<span class=\"elementor-button-content-wrapper\">\n\t\t\t\t\t\t<span class=\"elementor-button-icon\">\n\t\t\t\t<svg aria-hidden=\"true\" class=\"e-font-icon-svg e-fas-download\" viewBox=\"0 0 512 512\" xmlns=\"http:\/\/www.w3.org\/2000\/svg\"><path d=\"M216 0h80c13.3 0 24 10.7 24 24v168h87.7c17.8 0 26.7 21.5 14.1 34.1L269.7 378.3c-7.5 7.5-19.8 7.5-27.3 0L90.1 226.1c-12.6-12.6-3.7-34.1 14.1-34.1H192V24c0-13.3 10.7-24 24-24zm296 376v112c0 13.3-10.7 24-24 24H24c-13.3 0-24-10.7-24-24V376c0-13.3 10.7-24 24-24h146.7l49 49c20.1 20.1 52.5 20.1 72.6 0l49-49H488c13.3 0 24 10.7 24 24zm-124 88c0-11-9-20-20-20s-20 9-20 20 9 20 20 20 20-9 20-20zm64 0c0-11-9-20-20-20s-20 9-20 20 9 20 20 20 20-9 20-20z\"><\/path><\/svg>\t\t\t<\/span>\n\t\t\t\t\t\t\t\t\t<span class=\"elementor-button-text\">AI<\/span>\n\t\t\t\t\t<\/span>\n\t\t\t\t\t<\/a>\n\t\t\t\t\t\t\t\t<\/div>\n\t\t\t\t<\/div>\n\t\t\t\t\t<\/div>\n\t\t\t\t<\/div>\n\t\t\t\t<\/div>\n\t\t","protected":false},"excerpt":{"rendered":"<p>(Die unbefugte Verwendung der Logos ist untersagt. Sie sind f\u00fcr die Verwendung durch Wiederverk\u00e4ufer f\u00fcr Marketingzwecke usw. bestimmt.) JPG PNG WEBP PDF EPS AI<\/p>\n","protected":false},"author":1,"featured_media":0,"parent":0,"menu_order":0,"comment_status":"closed","ping_status":"closed","template":"","meta":{"_eb_attr":"","footnotes":""},"class_list":["post-9386","page","type-page","status-publish","hentry"],"yoast_head":"<!-- This site is optimized with the Yoast SEO plugin v27.5 - https:\/\/yoast.com\/product\/yoast-seo-wordpress\/ -->\n<title>Logos - Deli Star Trailer<\/title>\n<meta name=\"robots\" content=\"index, follow, max-snippet:-1, max-image-preview:large, max-video-preview:-1\" \/>\n<link rel=\"canonical\" href=\"https:\/\/www.delistar-trailer.com\/de\/logos\/\" \/>\n<meta property=\"og:locale\" content=\"de_DE\" \/>\n<meta property=\"og:type\" content=\"article\" \/>\n<meta property=\"og:title\" content=\"Logos - Deli Star Trailer\" \/>\n<meta property=\"og:description\" content=\"(Die unbefugte Verwendung der Logos ist untersagt. Sie sind f\u00fcr die Verwendung durch Wiederverk\u00e4ufer f\u00fcr Marketingzwecke usw. bestimmt.) JPG PNG WEBP PDF EPS AI\" \/>\n<meta property=\"og:url\" content=\"https:\/\/www.delistar-trailer.com\/de\/logos\/\" \/>\n<meta property=\"og:site_name\" content=\"Deli Star Trailer\" \/>\n<meta property=\"article:modified_time\" content=\"2026-03-07T14:55:42+00:00\" \/>\n<meta property=\"og:image\" content=\"https:\/\/www.delistar-trailer.com\/wp-content\/uploads\/2025\/04\/Delistar-trailer-logo.webp\" \/>\n\t<meta property=\"og:image:width\" content=\"400\" \/>\n\t<meta property=\"og:image:height\" content=\"179\" \/>\n\t<meta property=\"og:image:type\" content=\"image\/webp\" \/>\n<meta name=\"twitter:card\" content=\"summary_large_image\" \/>\n<script type=\"application\/ld+json\" class=\"yoast-schema-graph\">{\"@context\":\"https:\\\/\\\/schema.org\",\"@graph\":[{\"@type\":\"WebPage\",\"@id\":\"https:\\\/\\\/www.delistar-trailer.com\\\/de\\\/logos\\\/\",\"url\":\"https:\\\/\\\/www.delistar-trailer.com\\\/de\\\/logos\\\/\",\"name\":\"Logos - Deli Star Trailer\",\"isPartOf\":{\"@id\":\"https:\\\/\\\/www.delistar-trailer.com\\\/de\\\/#website\"},\"primaryImageOfPage\":{\"@id\":\"https:\\\/\\\/www.delistar-trailer.com\\\/de\\\/logos\\\/#primaryimage\"},\"image\":{\"@id\":\"https:\\\/\\\/www.delistar-trailer.com\\\/de\\\/logos\\\/#primaryimage\"},\"thumbnailUrl\":\"https:\\\/\\\/www.delistar-trailer.com\\\/wp-content\\\/uploads\\\/2025\\\/04\\\/Delistar-trailer-logo.webp\",\"datePublished\":\"2025-04-24T10:58:02+00:00\",\"dateModified\":\"2026-03-07T14:55:42+00:00\",\"breadcrumb\":{\"@id\":\"https:\\\/\\\/www.delistar-trailer.com\\\/de\\\/logos\\\/#breadcrumb\"},\"inLanguage\":\"de\",\"potentialAction\":[{\"@type\":\"ReadAction\",\"target\":[\"https:\\\/\\\/www.delistar-trailer.com\\\/de\\\/logos\\\/\"]}]},{\"@type\":\"ImageObject\",\"inLanguage\":\"de\",\"@id\":\"https:\\\/\\\/www.delistar-trailer.com\\\/de\\\/logos\\\/#primaryimage\",\"url\":\"https:\\\/\\\/www.delistar-trailer.com\\\/wp-content\\\/uploads\\\/2025\\\/04\\\/Delistar-trailer-logo.webp\",\"contentUrl\":\"https:\\\/\\\/www.delistar-trailer.com\\\/wp-content\\\/uploads\\\/2025\\\/04\\\/Delistar-trailer-logo.webp\"},{\"@type\":\"BreadcrumbList\",\"@id\":\"https:\\\/\\\/www.delistar-trailer.com\\\/de\\\/logos\\\/#breadcrumb\",\"itemListElement\":[{\"@type\":\"ListItem\",\"position\":1,\"name\":\"Home\",\"item\":\"https:\\\/\\\/www.delistar-trailer.com\\\/de\\\/\"},{\"@type\":\"ListItem\",\"position\":2,\"name\":\"Logos\"}]},{\"@type\":\"WebSite\",\"@id\":\"https:\\\/\\\/www.delistar-trailer.com\\\/de\\\/#website\",\"url\":\"https:\\\/\\\/www.delistar-trailer.com\\\/de\\\/\",\"name\":\"Deli Star Trailer\",\"description\":\"Sells on the outside, works on the inside\",\"publisher\":{\"@id\":\"https:\\\/\\\/www.delistar-trailer.com\\\/de\\\/#organization\"},\"potentialAction\":[{\"@type\":\"SearchAction\",\"target\":{\"@type\":\"EntryPoint\",\"urlTemplate\":\"https:\\\/\\\/www.delistar-trailer.com\\\/de\\\/?s={search_term_string}\"},\"query-input\":{\"@type\":\"PropertyValueSpecification\",\"valueRequired\":true,\"valueName\":\"search_term_string\"}}],\"inLanguage\":\"de\"},{\"@type\":\"Organization\",\"@id\":\"https:\\\/\\\/www.delistar-trailer.com\\\/de\\\/#organization\",\"name\":\"Deli Star Trailer\",\"url\":\"https:\\\/\\\/www.delistar-trailer.com\\\/de\\\/\",\"logo\":{\"@type\":\"ImageObject\",\"inLanguage\":\"de\",\"@id\":\"https:\\\/\\\/www.delistar-trailer.com\\\/de\\\/#\\\/schema\\\/logo\\\/image\\\/\",\"url\":\"https:\\\/\\\/www.delistar-trailer.com\\\/wp-content\\\/uploads\\\/2025\\\/03\\\/Delistar-trailer-logo-RGB.webp\",\"contentUrl\":\"https:\\\/\\\/www.delistar-trailer.com\\\/wp-content\\\/uploads\\\/2025\\\/03\\\/Delistar-trailer-logo-RGB.webp\",\"width\":1080,\"height\":433,\"caption\":\"Deli Star Trailer\"},\"image\":{\"@id\":\"https:\\\/\\\/www.delistar-trailer.com\\\/de\\\/#\\\/schema\\\/logo\\\/image\\\/\"}}]}<\/script>\n<!-- \/ Yoast SEO plugin. -->","yoast_head_json":{"title":"Logos - Deli Star Trailer","robots":{"index":"index","follow":"follow","max-snippet":"max-snippet:-1","max-image-preview":"max-image-preview:large","max-video-preview":"max-video-preview:-1"},"canonical":"https:\/\/www.delistar-trailer.com\/de\/logos\/","og_locale":"de_DE","og_type":"article","og_title":"Logos - Deli Star Trailer","og_description":"(Die unbefugte Verwendung der Logos ist untersagt. Sie sind f\u00fcr die Verwendung durch Wiederverk\u00e4ufer f\u00fcr Marketingzwecke usw. bestimmt.) JPG PNG WEBP PDF EPS AI","og_url":"https:\/\/www.delistar-trailer.com\/de\/logos\/","og_site_name":"Deli Star Trailer","article_modified_time":"2026-03-07T14:55:42+00:00","og_image":[{"width":400,"height":179,"url":"https:\/\/www.delistar-trailer.com\/wp-content\/uploads\/2025\/04\/Delistar-trailer-logo.webp","type":"image\/webp"}],"twitter_card":"summary_large_image","schema":{"@context":"https:\/\/schema.org","@graph":[{"@type":"WebPage","@id":"https:\/\/www.delistar-trailer.com\/de\/logos\/","url":"https:\/\/www.delistar-trailer.com\/de\/logos\/","name":"Logos - Deli Star Trailer","isPartOf":{"@id":"https:\/\/www.delistar-trailer.com\/de\/#website"},"primaryImageOfPage":{"@id":"https:\/\/www.delistar-trailer.com\/de\/logos\/#primaryimage"},"image":{"@id":"https:\/\/www.delistar-trailer.com\/de\/logos\/#primaryimage"},"thumbnailUrl":"https:\/\/www.delistar-trailer.com\/wp-content\/uploads\/2025\/04\/Delistar-trailer-logo.webp","datePublished":"2025-04-24T10:58:02+00:00","dateModified":"2026-03-07T14:55:42+00:00","breadcrumb":{"@id":"https:\/\/www.delistar-trailer.com\/de\/logos\/#breadcrumb"},"inLanguage":"de","potentialAction":[{"@type":"ReadAction","target":["https:\/\/www.delistar-trailer.com\/de\/logos\/"]}]},{"@type":"ImageObject","inLanguage":"de","@id":"https:\/\/www.delistar-trailer.com\/de\/logos\/#primaryimage","url":"https:\/\/www.delistar-trailer.com\/wp-content\/uploads\/2025\/04\/Delistar-trailer-logo.webp","contentUrl":"https:\/\/www.delistar-trailer.com\/wp-content\/uploads\/2025\/04\/Delistar-trailer-logo.webp"},{"@type":"BreadcrumbList","@id":"https:\/\/www.delistar-trailer.com\/de\/logos\/#breadcrumb","itemListElement":[{"@type":"ListItem","position":1,"name":"Home","item":"https:\/\/www.delistar-trailer.com\/de\/"},{"@type":"ListItem","position":2,"name":"Logos"}]},{"@type":"WebSite","@id":"https:\/\/www.delistar-trailer.com\/de\/#website","url":"https:\/\/www.delistar-trailer.com\/de\/","name":"Deli Star Trailer","description":"Sells on the outside, works on the inside","publisher":{"@id":"https:\/\/www.delistar-trailer.com\/de\/#organization"},"potentialAction":[{"@type":"SearchAction","target":{"@type":"EntryPoint","urlTemplate":"https:\/\/www.delistar-trailer.com\/de\/?s={search_term_string}"},"query-input":{"@type":"PropertyValueSpecification","valueRequired":true,"valueName":"search_term_string"}}],"inLanguage":"de"},{"@type":"Organization","@id":"https:\/\/www.delistar-trailer.com\/de\/#organization","name":"Deli Star Trailer","url":"https:\/\/www.delistar-trailer.com\/de\/","logo":{"@type":"ImageObject","inLanguage":"de","@id":"https:\/\/www.delistar-trailer.com\/de\/#\/schema\/logo\/image\/","url":"https:\/\/www.delistar-trailer.com\/wp-content\/uploads\/2025\/03\/Delistar-trailer-logo-RGB.webp","contentUrl":"https:\/\/www.delistar-trailer.com\/wp-content\/uploads\/2025\/03\/Delistar-trailer-logo-RGB.webp","width":1080,"height":433,"caption":"Deli Star Trailer"},"image":{"@id":"https:\/\/www.delistar-trailer.com\/de\/#\/schema\/logo\/image\/"}}]}},"_links":{"self":[{"href":"https:\/\/www.delistar-trailer.com\/de\/wp-json\/wp\/v2\/pages\/9386","targetHints":{"allow":["GET"]}}],"collection":[{"href":"https:\/\/www.delistar-trailer.com\/de\/wp-json\/wp\/v2\/pages"}],"about":[{"href":"https:\/\/www.delistar-trailer.com\/de\/wp-json\/wp\/v2\/types\/page"}],"author":[{"embeddable":true,"href":"https:\/\/www.delistar-trailer.com\/de\/wp-json\/wp\/v2\/users\/1"}],"replies":[{"embeddable":true,"href":"https:\/\/www.delistar-trailer.com\/de\/wp-json\/wp\/v2\/comments?post=9386"}],"version-history":[{"count":1,"href":"https:\/\/www.delistar-trailer.com\/de\/wp-json\/wp\/v2\/pages\/9386\/revisions"}],"predecessor-version":[{"id":9387,"href":"https:\/\/www.delistar-trailer.com\/de\/wp-json\/wp\/v2\/pages\/9386\/revisions\/9387"}],"wp:attachment":[{"href":"https:\/\/www.delistar-trailer.com\/de\/wp-json\/wp\/v2\/media?parent=9386"}],"curies":[{"name":"wp","href":"https:\/\/api.w.org\/{rel}","templated":true}]}}