{"id":9380,"date":"2024-12-09T14:46:48","date_gmt":"2024-12-09T12:46:48","guid":{"rendered":"https:\/\/www.delistar-trailer.com\/datenschutzerklaerung\/"},"modified":"2026-03-07T16:53:05","modified_gmt":"2026-03-07T14:53:05","slug":"datenschutzerklaerung","status":"publish","type":"page","link":"https:\/\/www.delistar-trailer.com\/de\/datenschutzerklaerung\/","title":{"rendered":"Datenschutzerkl\u00e4rung"},"content":{"rendered":"\t\t<div data-elementor-type=\"wp-page\" data-elementor-id=\"9380\" class=\"elementor elementor-9380 elementor-213\" data-elementor-post-type=\"page\">\n\t\t\t\t<div class=\"has_eae_slider elementor-element elementor-element-5c33905 e-flex e-con-boxed e-con e-parent\" data-eae-slider=\"73214\" data-id=\"5c33905\" data-element_type=\"container\" data-e-type=\"container\">\n\t\t\t\t\t<div class=\"e-con-inner\">\n\t\t\t\t<div class=\"elementor-element elementor-element-23ca169 elementor-widget__width-initial elementor-widget elementor-widget-text-editor\" data-id=\"23ca169\" data-element_type=\"widget\" data-e-type=\"widget\" data-widget_type=\"text-editor.default\">\n\t\t\t\t\t\t\t\t\t<p>G\u00fcltig ab: 20.3.2025<\/p>\t\t\t\t\t\t\t\t<\/div>\n\t\t\t\t<div class=\"elementor-element elementor-element-50b8b3a elementor-widget__width-initial elementor-widget elementor-widget-heading\" data-id=\"50b8b3a\" data-element_type=\"widget\" data-e-type=\"widget\" data-widget_type=\"heading.default\">\n\t\t\t\t\t<h2 class=\"elementor-heading-title elementor-size-default\">Der Schutz Ihrer Daten ist uns wichtig. Diese Datenschutzerkl\u00e4rung erl\u00e4utert, wie wir Ihre Daten erfassen, verwenden und sch\u00fctzen, wenn Sie unsere Website <i>delistar-trailer.com<\/i> besuchen. <\/h2>\t\t\t\t<\/div>\n\t\t<div class=\"has_eae_slider elementor-element elementor-element-87fd149 e-con-full e-flex e-con e-child\" data-eae-slider=\"1346\" data-id=\"87fd149\" data-element_type=\"container\" data-e-type=\"container\">\n\t\t<div class=\"has_eae_slider elementor-element elementor-element-4bd885a e-con-full e-flex e-con e-child\" data-eae-slider=\"50221\" data-id=\"4bd885a\" data-element_type=\"container\" data-e-type=\"container\">\n\t\t\t\t<div class=\"elementor-element elementor-element-557344b elementor-widget elementor-widget-heading\" data-id=\"557344b\" data-element_type=\"widget\" data-e-type=\"widget\" data-widget_type=\"heading.default\">\n\t\t\t\t\t<h3 class=\"elementor-heading-title elementor-size-default\">1. Von uns erfasste Daten<\/h3>\t\t\t\t<\/div>\n\t\t<div class=\"has_eae_slider elementor-element elementor-element-793c8d0 e-con-full e-flex e-con e-child\" data-eae-slider=\"33705\" data-id=\"793c8d0\" data-element_type=\"container\" data-e-type=\"container\">\n\t\t\t\t<div class=\"elementor-element elementor-element-b9b8b46 elementor-widget elementor-widget-text-editor\" data-id=\"b9b8b46\" data-element_type=\"widget\" data-e-type=\"widget\" data-widget_type=\"text-editor.default\">\n\t\t\t\t\t\t\t\t\t<p>Wir k\u00f6nnen folgende Arten von Daten erfassen:<\/p>\t\t\t\t\t\t\t\t<\/div>\n\t\t\t\t<div class=\"elementor-element elementor-element-d035b5f elementor-widget elementor-widget-text-editor\" data-id=\"d035b5f\" data-element_type=\"widget\" data-e-type=\"widget\" data-widget_type=\"text-editor.default\">\n\t\t\t\t\t\t\t\t\t<ul class=\"wp-block-list\">\n<li>Personenbezogene Daten (wie Name, E-Mail-Adresse usw.), wenn Sie diese freiwillig angeben.<\/li>\n<li>Nicht personenbezogene Daten (wie Browsertyp usw.), die automatisch erfasst werden.<\/li>\n<\/ul>\t\t\t\t\t\t\t\t<\/div>\n\t\t\t\t<\/div>\n\t\t\t\t<\/div>\n\t\t<div class=\"has_eae_slider elementor-element elementor-element-03eb234 e-con-full e-flex e-con e-child\" data-eae-slider=\"98385\" data-id=\"03eb234\" data-element_type=\"container\" data-e-type=\"container\">\n\t\t\t\t<div class=\"elementor-element elementor-element-a2639bd elementor-widget elementor-widget-heading\" data-id=\"a2639bd\" data-element_type=\"widget\" data-e-type=\"widget\" data-widget_type=\"heading.default\">\n\t\t\t\t\t<h3 class=\"elementor-heading-title elementor-size-default\">2. Wie wir Ihre Daten verwenden<\/h3>\t\t\t\t<\/div>\n\t\t<div class=\"has_eae_slider elementor-element elementor-element-5c256bf e-con-full e-flex e-con e-child\" data-eae-slider=\"56926\" data-id=\"5c256bf\" data-element_type=\"container\" data-e-type=\"container\">\n\t\t\t\t<div class=\"elementor-element elementor-element-43d43d7 elementor-widget elementor-widget-text-editor\" data-id=\"43d43d7\" data-element_type=\"widget\" data-e-type=\"widget\" data-widget_type=\"text-editor.default\">\n\t\t\t\t\t\t\t\t\t<p>Wir verwenden die erfassten Daten, um:<\/p>\t\t\t\t\t\t\t\t<\/div>\n\t\t\t\t<div class=\"elementor-element elementor-element-8dfdb52 elementor-widget elementor-widget-text-editor\" data-id=\"8dfdb52\" data-element_type=\"widget\" data-e-type=\"widget\" data-widget_type=\"text-editor.default\">\n\t\t\t\t\t\t\t\t\t<ul class=\"wp-block-list\">\n<li>unsere Website und die Benutzererfahrung zu verbessern.<\/li>\n<li>Anfragen zu beantworten und Kundensupport zu leisten.<\/li>\n<li>gesetzliche Verpflichtungen zu erf\u00fcllen.<\/li>\n<\/ul>\t\t\t\t\t\t\t\t<\/div>\n\t\t\t\t<\/div>\n\t\t\t\t<\/div>\n\t\t<div class=\"has_eae_slider elementor-element elementor-element-3b1a893 e-con-full e-flex e-con e-child\" data-eae-slider=\"2408\" data-id=\"3b1a893\" data-element_type=\"container\" data-e-type=\"container\">\n\t\t\t\t<div class=\"elementor-element elementor-element-2594406 elementor-widget elementor-widget-heading\" data-id=\"2594406\" data-element_type=\"widget\" data-e-type=\"widget\" data-widget_type=\"heading.default\">\n\t\t\t\t\t<h3 class=\"elementor-heading-title elementor-size-default\">3. Cookies und Tracking-Technologien<\/h3>\t\t\t\t<\/div>\n\t\t<div class=\"has_eae_slider elementor-element elementor-element-d42ca79 e-con-full e-flex e-con e-child\" data-eae-slider=\"35796\" data-id=\"d42ca79\" data-element_type=\"container\" data-e-type=\"container\">\n\t\t\t\t<div class=\"elementor-element elementor-element-6995733 elementor-widget elementor-widget-text-editor\" data-id=\"6995733\" data-element_type=\"widget\" data-e-type=\"widget\" data-widget_type=\"text-editor.default\">\n\t\t\t\t\t\t\t\t\t<p>Wir k\u00f6nnen Cookies und \u00e4hnliche Tracking-Technologien verwenden, um Ihre Browser-Erfahrung zu verbessern. Sie k\u00f6nnen Ihre Cookie-Einstellungen \u00fcber Ihre Browsereinstellungen verwalten. <\/p>\t\t\t\t\t\t\t\t<\/div>\n\t\t\t\t<\/div>\n\t\t\t\t<\/div>\n\t\t<div class=\"has_eae_slider elementor-element elementor-element-5eafa4f e-con-full e-flex e-con e-child\" data-eae-slider=\"930\" data-id=\"5eafa4f\" data-element_type=\"container\" data-e-type=\"container\">\n\t\t\t\t<div class=\"elementor-element elementor-element-3b488c8 elementor-widget elementor-widget-heading\" data-id=\"3b488c8\" data-element_type=\"widget\" data-e-type=\"widget\" data-widget_type=\"heading.default\">\n\t\t\t\t\t<h3 class=\"elementor-heading-title elementor-size-default\">4. Dienste von Drittanbietern<\/h3>\t\t\t\t<\/div>\n\t\t<div class=\"has_eae_slider elementor-element elementor-element-94905de e-con-full e-flex e-con e-child\" data-eae-slider=\"115\" data-id=\"94905de\" data-element_type=\"container\" data-e-type=\"container\">\n\t\t\t\t<div class=\"elementor-element elementor-element-6025299 elementor-widget elementor-widget-text-editor\" data-id=\"6025299\" data-element_type=\"widget\" data-e-type=\"widget\" data-widget_type=\"text-editor.default\">\n\t\t\t\t\t\t\t\t\t<p>Wir k\u00f6nnen Dienste von Drittanbietern (z. B. Analyseanbieter) nutzen, die in unserem Auftrag Daten erfassen, verarbeiten und speichern. Diese Dienste haben ihre eigenen Datenschutzrichtlinien. <\/p>\t\t\t\t\t\t\t\t<\/div>\n\t\t\t\t<\/div>\n\t\t\t\t<\/div>\n\t\t<div class=\"has_eae_slider elementor-element elementor-element-412e5aa e-con-full e-flex e-con e-child\" data-eae-slider=\"96233\" data-id=\"412e5aa\" data-element_type=\"container\" data-e-type=\"container\">\n\t\t\t\t<div class=\"elementor-element elementor-element-57e4497 elementor-widget elementor-widget-heading\" data-id=\"57e4497\" data-element_type=\"widget\" data-e-type=\"widget\" data-widget_type=\"heading.default\">\n\t\t\t\t\t<h3 class=\"elementor-heading-title elementor-size-default\">5. Datensicherheit<\/h3>\t\t\t\t<\/div>\n\t\t<div class=\"has_eae_slider elementor-element elementor-element-dfa5419 e-con-full e-flex e-con e-child\" data-eae-slider=\"45313\" data-id=\"dfa5419\" data-element_type=\"container\" data-e-type=\"container\">\n\t\t\t\t<div class=\"elementor-element elementor-element-a54d285 elementor-widget elementor-widget-text-editor\" data-id=\"a54d285\" data-element_type=\"widget\" data-e-type=\"widget\" data-widget_type=\"text-editor.default\">\n\t\t\t\t\t\t\t\t\t<p>Wir ergreifen angemessene Ma\u00dfnahmen, um Ihre Daten vor unbefugtem Zugriff, \u00c4nderung oder Offenlegung zu sch\u00fctzen.<\/p>\t\t\t\t\t\t\t\t<\/div>\n\t\t\t\t<\/div>\n\t\t\t\t<\/div>\n\t\t<div class=\"has_eae_slider elementor-element elementor-element-a716972 e-con-full e-flex e-con e-child\" data-eae-slider=\"37661\" data-id=\"a716972\" data-element_type=\"container\" data-e-type=\"container\">\n\t\t\t\t<div class=\"elementor-element elementor-element-7d90e3e elementor-widget elementor-widget-heading\" data-id=\"7d90e3e\" data-element_type=\"widget\" data-e-type=\"widget\" data-widget_type=\"heading.default\">\n\t\t\t\t\t<h3 class=\"elementor-heading-title elementor-size-default\">6. Ihre Rechte<\/h3>\t\t\t\t<\/div>\n\t\t<div class=\"has_eae_slider elementor-element elementor-element-61eb677 e-con-full e-flex e-con e-child\" data-eae-slider=\"21205\" data-id=\"61eb677\" data-element_type=\"container\" data-e-type=\"container\">\n\t\t\t\t<div class=\"elementor-element elementor-element-5c2fbe8 elementor-widget elementor-widget-text-editor\" data-id=\"5c2fbe8\" data-element_type=\"widget\" data-e-type=\"widget\" data-widget_type=\"text-editor.default\">\n\t\t\t\t\t\t\t\t\t<p>Sie haben das Recht:<\/p>\t\t\t\t\t\t\t\t<\/div>\n\t\t\t\t<div class=\"elementor-element elementor-element-3fb7847 elementor-widget elementor-widget-text-editor\" data-id=\"3fb7847\" data-element_type=\"widget\" data-e-type=\"widget\" data-widget_type=\"text-editor.default\">\n\t\t\t\t\t\t\t\t\t<ul class=\"wp-block-list\">\n<li>Auf Ihre personenbezogenen Daten zuzugreifen, diese zu aktualisieren oder zu l\u00f6schen.<\/li>\n<li>sich vom Erhalt von Marketingmitteilungen abzumelden.<\/li>\n<li>die Datenverarbeitung unter bestimmten Umst\u00e4nden einzuschr\u00e4nken oder ihr zu widersprechen.<\/li>\n<\/ul>\t\t\t\t\t\t\t\t<\/div>\n\t\t\t\t<\/div>\n\t\t\t\t<\/div>\n\t\t<div class=\"has_eae_slider elementor-element elementor-element-a3e7bbf e-con-full e-flex e-con e-child\" data-eae-slider=\"37800\" data-id=\"a3e7bbf\" data-element_type=\"container\" data-e-type=\"container\">\n\t\t\t\t<div class=\"elementor-element elementor-element-7cf04b7 elementor-widget elementor-widget-heading\" data-id=\"7cf04b7\" data-element_type=\"widget\" data-e-type=\"widget\" data-widget_type=\"heading.default\">\n\t\t\t\t\t<h3 class=\"elementor-heading-title elementor-size-default\">7. \u00c4nderungen dieser Richtlinie<\/h3>\t\t\t\t<\/div>\n\t\t<div class=\"has_eae_slider elementor-element elementor-element-27f713f e-con-full e-flex e-con e-child\" data-eae-slider=\"87298\" data-id=\"27f713f\" data-element_type=\"container\" data-e-type=\"container\">\n\t\t\t\t<div class=\"elementor-element elementor-element-8a7535a elementor-widget elementor-widget-text-editor\" data-id=\"8a7535a\" data-element_type=\"widget\" data-e-type=\"widget\" data-widget_type=\"text-editor.default\">\n\t\t\t\t\t\t\t\t\t<p>Wir k\u00f6nnen diese Datenschutzrichtlinie von Zeit zu Zeit aktualisieren. Alle \u00c4nderungen werden auf dieser Seite mit einem aktualisierten Datum des Inkrafttretens ver\u00f6ffentlicht. <\/p>\t\t\t\t\t\t\t\t<\/div>\n\t\t\t\t<\/div>\n\t\t\t\t<\/div>\n\t\t<div class=\"has_eae_slider elementor-element elementor-element-86d803f e-con-full e-flex e-con e-child\" data-eae-slider=\"52583\" data-id=\"86d803f\" data-element_type=\"container\" data-e-type=\"container\">\n\t\t\t\t<div class=\"elementor-element elementor-element-95c7b1e elementor-widget elementor-widget-heading\" data-id=\"95c7b1e\" data-element_type=\"widget\" data-e-type=\"widget\" data-widget_type=\"heading.default\">\n\t\t\t\t\t<h3 class=\"elementor-heading-title elementor-size-default\">8. Kontakt<\/h3>\t\t\t\t<\/div>\n\t\t<div class=\"has_eae_slider elementor-element elementor-element-8b75a93 e-con-full e-flex e-con e-child\" data-eae-slider=\"551\" data-id=\"8b75a93\" data-element_type=\"container\" data-e-type=\"container\">\n\t\t\t\t<div class=\"elementor-element elementor-element-e0f81bf link elementor-widget elementor-widget-text-editor\" data-id=\"e0f81bf\" data-element_type=\"widget\" data-e-type=\"widget\" data-widget_type=\"text-editor.default\">\n\t\t\t\t\t\t\t\t\t<p>Wenn Sie Fragen zu dieser Datenschutzrichtlinie haben, wenden Sie sich bitte an <a href=\"mailto:webmaster@delistar-trailer.com\">webmaster@delistar-trailer.com<\/a>.<\/p>\t\t\t\t\t\t\t\t<\/div>\n\t\t\t\t<\/div>\n\t\t\t\t<\/div>\n\t\t\t\t<\/div>\n\t\t\t\t\t<\/div>\n\t\t\t\t<\/div>\n\t\t\t\t<\/div>\n\t\t","protected":false},"excerpt":{"rendered":"<p>G\u00fcltig ab: 20.3.2025 Der Schutz Ihrer Daten ist uns wichtig. Diese Datenschutzerkl\u00e4rung erl\u00e4utert, wie wir Ihre Daten erfassen, verwenden und sch\u00fctzen, wenn Sie unsere Website delistar-trailer.com besuchen. 1. Von uns erfasste Daten Wir k\u00f6nnen folgende Arten von Daten erfassen: Personenbezogene Daten (wie Name, E-Mail-Adresse usw.), wenn Sie diese freiwillig angeben. Nicht personenbezogene Daten (wie Browsertyp [&hellip;]<\/p>\n","protected":false},"author":1,"featured_media":4138,"parent":0,"menu_order":0,"comment_status":"closed","ping_status":"open","template":"","meta":{"_eb_attr":"","footnotes":""},"class_list":["post-9380","page","type-page","status-publish","has-post-thumbnail","hentry"],"yoast_head":"<!-- This site is optimized with the Yoast SEO plugin v27.5 - https:\/\/yoast.com\/product\/yoast-seo-wordpress\/ -->\n<title>Datenschutzerkl\u00e4rung - Deli Star Trailer<\/title>\n<meta name=\"robots\" content=\"index, follow, max-snippet:-1, max-image-preview:large, max-video-preview:-1\" \/>\n<link rel=\"canonical\" href=\"https:\/\/www.delistar-trailer.com\/de\/datenschutzerklaerung\/\" \/>\n<meta property=\"og:locale\" content=\"de_DE\" \/>\n<meta property=\"og:type\" content=\"article\" \/>\n<meta property=\"og:title\" content=\"Datenschutzerkl\u00e4rung - Deli Star Trailer\" \/>\n<meta property=\"og:description\" content=\"G\u00fcltig ab: 20.3.2025 Der Schutz Ihrer Daten ist uns wichtig. Diese Datenschutzerkl\u00e4rung erl\u00e4utert, wie wir Ihre Daten erfassen, verwenden und sch\u00fctzen, wenn Sie unsere Website delistar-trailer.com besuchen. 1. Von uns erfasste Daten Wir k\u00f6nnen folgende Arten von Daten erfassen: Personenbezogene Daten (wie Name, E-Mail-Adresse usw.), wenn Sie diese freiwillig angeben. Nicht personenbezogene Daten (wie Browsertyp [&hellip;]\" \/>\n<meta property=\"og:url\" content=\"https:\/\/www.delistar-trailer.com\/de\/datenschutzerklaerung\/\" \/>\n<meta property=\"og:site_name\" content=\"Deli Star Trailer\" \/>\n<meta property=\"article:modified_time\" content=\"2026-03-07T14:53:05+00:00\" \/>\n<meta property=\"og:image\" content=\"https:\/\/www.delistar-trailer.com\/wp-content\/uploads\/2025\/03\/privacy-policy-featured-image.jpg\" \/>\n\t<meta property=\"og:image:width\" content=\"1920\" \/>\n\t<meta property=\"og:image:height\" content=\"1080\" \/>\n\t<meta property=\"og:image:type\" content=\"image\/jpeg\" \/>\n<meta name=\"twitter:card\" content=\"summary_large_image\" \/>\n<meta name=\"twitter:label1\" content=\"Gesch\u00e4tzte Lesezeit\" \/>\n\t<meta name=\"twitter:data1\" content=\"1\u00a0Minute\" \/>\n<script type=\"application\/ld+json\" class=\"yoast-schema-graph\">{\"@context\":\"https:\\\/\\\/schema.org\",\"@graph\":[{\"@type\":\"WebPage\",\"@id\":\"https:\\\/\\\/www.delistar-trailer.com\\\/de\\\/datenschutzerklaerung\\\/\",\"url\":\"https:\\\/\\\/www.delistar-trailer.com\\\/de\\\/datenschutzerklaerung\\\/\",\"name\":\"Datenschutzerkl\u00e4rung - Deli Star Trailer\",\"isPartOf\":{\"@id\":\"https:\\\/\\\/www.delistar-trailer.com\\\/de\\\/#website\"},\"primaryImageOfPage\":{\"@id\":\"https:\\\/\\\/www.delistar-trailer.com\\\/de\\\/datenschutzerklaerung\\\/#primaryimage\"},\"image\":{\"@id\":\"https:\\\/\\\/www.delistar-trailer.com\\\/de\\\/datenschutzerklaerung\\\/#primaryimage\"},\"thumbnailUrl\":\"https:\\\/\\\/www.delistar-trailer.com\\\/wp-content\\\/uploads\\\/2025\\\/03\\\/privacy-policy-featured-image.jpg\",\"datePublished\":\"2024-12-09T12:46:48+00:00\",\"dateModified\":\"2026-03-07T14:53:05+00:00\",\"breadcrumb\":{\"@id\":\"https:\\\/\\\/www.delistar-trailer.com\\\/de\\\/datenschutzerklaerung\\\/#breadcrumb\"},\"inLanguage\":\"de\",\"potentialAction\":[{\"@type\":\"ReadAction\",\"target\":[\"https:\\\/\\\/www.delistar-trailer.com\\\/de\\\/datenschutzerklaerung\\\/\"]}]},{\"@type\":\"ImageObject\",\"inLanguage\":\"de\",\"@id\":\"https:\\\/\\\/www.delistar-trailer.com\\\/de\\\/datenschutzerklaerung\\\/#primaryimage\",\"url\":\"https:\\\/\\\/www.delistar-trailer.com\\\/wp-content\\\/uploads\\\/2025\\\/03\\\/privacy-policy-featured-image.jpg\",\"contentUrl\":\"https:\\\/\\\/www.delistar-trailer.com\\\/wp-content\\\/uploads\\\/2025\\\/03\\\/privacy-policy-featured-image.jpg\",\"width\":1920,\"height\":1080,\"caption\":\"Datenschutzerkl\u00e4rung - Ausgew\u00e4hltes Bild\"},{\"@type\":\"BreadcrumbList\",\"@id\":\"https:\\\/\\\/www.delistar-trailer.com\\\/de\\\/datenschutzerklaerung\\\/#breadcrumb\",\"itemListElement\":[{\"@type\":\"ListItem\",\"position\":1,\"name\":\"Home\",\"item\":\"https:\\\/\\\/www.delistar-trailer.com\\\/de\\\/\"},{\"@type\":\"ListItem\",\"position\":2,\"name\":\"Datenschutzerkl\u00e4rung\"}]},{\"@type\":\"WebSite\",\"@id\":\"https:\\\/\\\/www.delistar-trailer.com\\\/de\\\/#website\",\"url\":\"https:\\\/\\\/www.delistar-trailer.com\\\/de\\\/\",\"name\":\"Deli Star Trailer\",\"description\":\"Sells on the outside, works on the inside\",\"publisher\":{\"@id\":\"https:\\\/\\\/www.delistar-trailer.com\\\/de\\\/#organization\"},\"potentialAction\":[{\"@type\":\"SearchAction\",\"target\":{\"@type\":\"EntryPoint\",\"urlTemplate\":\"https:\\\/\\\/www.delistar-trailer.com\\\/de\\\/?s={search_term_string}\"},\"query-input\":{\"@type\":\"PropertyValueSpecification\",\"valueRequired\":true,\"valueName\":\"search_term_string\"}}],\"inLanguage\":\"de\"},{\"@type\":\"Organization\",\"@id\":\"https:\\\/\\\/www.delistar-trailer.com\\\/de\\\/#organization\",\"name\":\"Deli Star Trailer\",\"url\":\"https:\\\/\\\/www.delistar-trailer.com\\\/de\\\/\",\"logo\":{\"@type\":\"ImageObject\",\"inLanguage\":\"de\",\"@id\":\"https:\\\/\\\/www.delistar-trailer.com\\\/de\\\/#\\\/schema\\\/logo\\\/image\\\/\",\"url\":\"https:\\\/\\\/www.delistar-trailer.com\\\/wp-content\\\/uploads\\\/2025\\\/03\\\/Delistar-trailer-logo-RGB.webp\",\"contentUrl\":\"https:\\\/\\\/www.delistar-trailer.com\\\/wp-content\\\/uploads\\\/2025\\\/03\\\/Delistar-trailer-logo-RGB.webp\",\"width\":1080,\"height\":433,\"caption\":\"Deli Star Trailer\"},\"image\":{\"@id\":\"https:\\\/\\\/www.delistar-trailer.com\\\/de\\\/#\\\/schema\\\/logo\\\/image\\\/\"}}]}<\/script>\n<!-- \/ Yoast SEO plugin. -->","yoast_head_json":{"title":"Datenschutzerkl\u00e4rung - Deli Star Trailer","robots":{"index":"index","follow":"follow","max-snippet":"max-snippet:-1","max-image-preview":"max-image-preview:large","max-video-preview":"max-video-preview:-1"},"canonical":"https:\/\/www.delistar-trailer.com\/de\/datenschutzerklaerung\/","og_locale":"de_DE","og_type":"article","og_title":"Datenschutzerkl\u00e4rung - Deli Star Trailer","og_description":"G\u00fcltig ab: 20.3.2025 Der Schutz Ihrer Daten ist uns wichtig. Diese Datenschutzerkl\u00e4rung erl\u00e4utert, wie wir Ihre Daten erfassen, verwenden und sch\u00fctzen, wenn Sie unsere Website delistar-trailer.com besuchen. 1. Von uns erfasste Daten Wir k\u00f6nnen folgende Arten von Daten erfassen: Personenbezogene Daten (wie Name, E-Mail-Adresse usw.), wenn Sie diese freiwillig angeben. Nicht personenbezogene Daten (wie Browsertyp [&hellip;]","og_url":"https:\/\/www.delistar-trailer.com\/de\/datenschutzerklaerung\/","og_site_name":"Deli Star Trailer","article_modified_time":"2026-03-07T14:53:05+00:00","og_image":[{"width":1920,"height":1080,"url":"https:\/\/www.delistar-trailer.com\/wp-content\/uploads\/2025\/03\/privacy-policy-featured-image.jpg","type":"image\/jpeg"}],"twitter_card":"summary_large_image","twitter_misc":{"Gesch\u00e4tzte Lesezeit":"1\u00a0Minute"},"schema":{"@context":"https:\/\/schema.org","@graph":[{"@type":"WebPage","@id":"https:\/\/www.delistar-trailer.com\/de\/datenschutzerklaerung\/","url":"https:\/\/www.delistar-trailer.com\/de\/datenschutzerklaerung\/","name":"Datenschutzerkl\u00e4rung - Deli Star Trailer","isPartOf":{"@id":"https:\/\/www.delistar-trailer.com\/de\/#website"},"primaryImageOfPage":{"@id":"https:\/\/www.delistar-trailer.com\/de\/datenschutzerklaerung\/#primaryimage"},"image":{"@id":"https:\/\/www.delistar-trailer.com\/de\/datenschutzerklaerung\/#primaryimage"},"thumbnailUrl":"https:\/\/www.delistar-trailer.com\/wp-content\/uploads\/2025\/03\/privacy-policy-featured-image.jpg","datePublished":"2024-12-09T12:46:48+00:00","dateModified":"2026-03-07T14:53:05+00:00","breadcrumb":{"@id":"https:\/\/www.delistar-trailer.com\/de\/datenschutzerklaerung\/#breadcrumb"},"inLanguage":"de","potentialAction":[{"@type":"ReadAction","target":["https:\/\/www.delistar-trailer.com\/de\/datenschutzerklaerung\/"]}]},{"@type":"ImageObject","inLanguage":"de","@id":"https:\/\/www.delistar-trailer.com\/de\/datenschutzerklaerung\/#primaryimage","url":"https:\/\/www.delistar-trailer.com\/wp-content\/uploads\/2025\/03\/privacy-policy-featured-image.jpg","contentUrl":"https:\/\/www.delistar-trailer.com\/wp-content\/uploads\/2025\/03\/privacy-policy-featured-image.jpg","width":1920,"height":1080,"caption":"Datenschutzerkl\u00e4rung - Ausgew\u00e4hltes Bild"},{"@type":"BreadcrumbList","@id":"https:\/\/www.delistar-trailer.com\/de\/datenschutzerklaerung\/#breadcrumb","itemListElement":[{"@type":"ListItem","position":1,"name":"Home","item":"https:\/\/www.delistar-trailer.com\/de\/"},{"@type":"ListItem","position":2,"name":"Datenschutzerkl\u00e4rung"}]},{"@type":"WebSite","@id":"https:\/\/www.delistar-trailer.com\/de\/#website","url":"https:\/\/www.delistar-trailer.com\/de\/","name":"Deli Star Trailer","description":"Sells on the outside, works on the inside","publisher":{"@id":"https:\/\/www.delistar-trailer.com\/de\/#organization"},"potentialAction":[{"@type":"SearchAction","target":{"@type":"EntryPoint","urlTemplate":"https:\/\/www.delistar-trailer.com\/de\/?s={search_term_string}"},"query-input":{"@type":"PropertyValueSpecification","valueRequired":true,"valueName":"search_term_string"}}],"inLanguage":"de"},{"@type":"Organization","@id":"https:\/\/www.delistar-trailer.com\/de\/#organization","name":"Deli Star Trailer","url":"https:\/\/www.delistar-trailer.com\/de\/","logo":{"@type":"ImageObject","inLanguage":"de","@id":"https:\/\/www.delistar-trailer.com\/de\/#\/schema\/logo\/image\/","url":"https:\/\/www.delistar-trailer.com\/wp-content\/uploads\/2025\/03\/Delistar-trailer-logo-RGB.webp","contentUrl":"https:\/\/www.delistar-trailer.com\/wp-content\/uploads\/2025\/03\/Delistar-trailer-logo-RGB.webp","width":1080,"height":433,"caption":"Deli Star Trailer"},"image":{"@id":"https:\/\/www.delistar-trailer.com\/de\/#\/schema\/logo\/image\/"}}]}},"_links":{"self":[{"href":"https:\/\/www.delistar-trailer.com\/de\/wp-json\/wp\/v2\/pages\/9380","targetHints":{"allow":["GET"]}}],"collection":[{"href":"https:\/\/www.delistar-trailer.com\/de\/wp-json\/wp\/v2\/pages"}],"about":[{"href":"https:\/\/www.delistar-trailer.com\/de\/wp-json\/wp\/v2\/types\/page"}],"author":[{"embeddable":true,"href":"https:\/\/www.delistar-trailer.com\/de\/wp-json\/wp\/v2\/users\/1"}],"replies":[{"embeddable":true,"href":"https:\/\/www.delistar-trailer.com\/de\/wp-json\/wp\/v2\/comments?post=9380"}],"version-history":[{"count":1,"href":"https:\/\/www.delistar-trailer.com\/de\/wp-json\/wp\/v2\/pages\/9380\/revisions"}],"predecessor-version":[{"id":9381,"href":"https:\/\/www.delistar-trailer.com\/de\/wp-json\/wp\/v2\/pages\/9380\/revisions\/9381"}],"wp:featuredmedia":[{"embeddable":true,"href":"https:\/\/www.delistar-trailer.com\/de\/wp-json\/wp\/v2\/media\/4138"}],"wp:attachment":[{"href":"https:\/\/www.delistar-trailer.com\/de\/wp-json\/wp\/v2\/media?parent=9380"}],"curies":[{"name":"wp","href":"https:\/\/api.w.org\/{rel}","templated":true}]}}