{"id":5364,"date":"2025-03-06T16:59:05","date_gmt":"2025-03-06T13:59:05","guid":{"rendered":"https:\/\/www.delistar-trailer.com\/mobiler-bueroanhaenger\/"},"modified":"2025-09-03T11:14:39","modified_gmt":"2025-09-03T08:14:39","slug":"mobiler-bueroanhaenger","status":"publish","type":"page","link":"https:\/\/www.delistar-trailer.com\/de\/mobiler-bueroanhaenger\/","title":{"rendered":"Mobiler B\u00fcroanh\u00e4nger"},"content":{"rendered":"\n<p id=\"block-61df2363-83d2-4c85-b59c-1c6d29a0a41c\">Unsere Deli-Serie und amerikanischen Plattformen eignen sich hervorragend f\u00fcr individuell gestaltete mobile B\u00fcror\u00e4ume, die f\u00fcr medizinisches Fachpersonal, Forscher und andere Berufsgruppen geeignet sind, die eine saubere und klimatisierte Umgebung unter Feldbedingungen ben\u00f6tigen.<\/p>\n\n<h3 class=\"wp-block-heading\">Alle Deli Series und American Trailers enthalten:<\/h3>\n\n\n\n<ul class=\"wp-block-list\">\n<li>Modernes und stilvolles Design<\/li>\n\n\n\n<li>Chassis aus feuerverzinktem Stahl<\/li>\n\n\n\n<li>Gut isolierte W\u00e4nde<\/li>\n\n\n\n<li>AL-KO Achsen, Bremsen und Kupplungsk\u00f6pfe<\/li>\n\n\n\n<li>Niederflur-Fahrgestell \u2013 korrekte H\u00f6he in Bezug auf die Kunden (optional in American)<\/li>\n\n\n\n<li>Gro\u00dfe Klappen\u00f6ffnungen \u2013 gute Produktsichtbarkeit<\/li>\n\n\n\n<li>Arbeitsplatten und Schr\u00e4nke aus Edelstahl<\/li>\n\n\n\n<li>Klimaanlage verf\u00fcgbar, um den gesamten Innenraum des Anh\u00e4ngers im Sommer zu k\u00fchlen<\/li>\n\n\n\n<li>Hygieneschleuse<\/li>\n\n\n\n<li>Gebrauchs-\/Kleiderschrank<\/li>\n\n\n\n<li>Effiziente LED-Beleuchtung sowohl im Inneren als auch an den Klappen<\/li>\n\n\n\n<li>Viele Steckdosen<\/li>\n\n\n\n<li>Kommt mit einer LED-beleuchteten Werbetafel auf dem Dach, programmierbarer Bildschirm optional<\/li>\n\n\n\n<li>Standard-Innenl\u00e4ngen: 3 m | 4 m | 5 m | 6 m | 7 m | 8 m<\/li>\n\n\n\n<li>Standardbreiten: 2,25 m | ca. 2,40 m<\/li>\n\n\n\n<li>3-4 m auf einer Achse, 5-8 m auf Doppelachse<\/li>\n\n\n\n<li>Ma\u00dfgeschneiderte Gr\u00f6\u00dfen verf\u00fcgbar<\/li>\n\n\n\n<li>Wahlweise in lackiertem Aluminium (RAL-Classic-Farbkarte) oder poliertem Edelstahl (nur American) erh\u00e4ltlich<\/li>\n\n\n\n<li>Ein Jahr Garantie<\/li>\n<\/ul>\n","protected":false},"excerpt":{"rendered":"<p>Unsere Deli-Serie und amerikanischen Plattformen eignen sich hervorragend f\u00fcr individuell gestaltete mobile B\u00fcror\u00e4ume, die f\u00fcr medizinisches Fachpersonal, Forscher und andere Berufsgruppen geeignet sind, die eine saubere und klimatisierte Umgebung unter Feldbedingungen ben\u00f6tigen.<\/p>\n","protected":false},"author":2,"featured_media":1607,"parent":0,"menu_order":0,"comment_status":"closed","ping_status":"closed","template":"","meta":{"_eb_attr":"","footnotes":""},"class_list":["post-5364","page","type-page","status-publish","has-post-thumbnail","hentry"],"yoast_head":"<!-- This site is optimized with the Yoast SEO plugin v27.5 - https:\/\/yoast.com\/product\/yoast-seo-wordpress\/ -->\n<title>Mobiler B\u00fcroanh\u00e4nger - Deli Star Trailer<\/title>\n<meta name=\"robots\" content=\"index, follow, max-snippet:-1, max-image-preview:large, max-video-preview:-1\" \/>\n<link rel=\"canonical\" href=\"https:\/\/www.delistar-trailer.com\/de\/mobiler-bueroanhaenger\/\" \/>\n<meta property=\"og:locale\" content=\"de_DE\" \/>\n<meta property=\"og:type\" content=\"article\" \/>\n<meta property=\"og:title\" content=\"Mobiler B\u00fcroanh\u00e4nger - Deli Star Trailer\" \/>\n<meta property=\"og:description\" content=\"Unsere Deli-Serie und amerikanischen Plattformen eignen sich hervorragend f\u00fcr individuell gestaltete mobile B\u00fcror\u00e4ume, die f\u00fcr medizinisches Fachpersonal, Forscher und andere Berufsgruppen geeignet sind, die eine saubere und klimatisierte Umgebung unter Feldbedingungen ben\u00f6tigen.\" \/>\n<meta property=\"og:url\" content=\"https:\/\/www.delistar-trailer.com\/de\/mobiler-bueroanhaenger\/\" \/>\n<meta property=\"og:site_name\" content=\"Deli Star Trailer\" \/>\n<meta property=\"article:modified_time\" content=\"2025-09-03T08:14:39+00:00\" \/>\n<meta property=\"og:image\" content=\"https:\/\/www.delistar-trailer.com\/wp-content\/uploads\/2025\/03\/6000-Mobile-Office-Accessible.webp\" \/>\n\t<meta property=\"og:image:width\" content=\"1500\" \/>\n\t<meta property=\"og:image:height\" content=\"796\" \/>\n\t<meta property=\"og:image:type\" content=\"image\/webp\" \/>\n<meta name=\"twitter:card\" content=\"summary_large_image\" \/>\n<script type=\"application\/ld+json\" class=\"yoast-schema-graph\">{\"@context\":\"https:\\\/\\\/schema.org\",\"@graph\":[{\"@type\":\"WebPage\",\"@id\":\"https:\\\/\\\/www.delistar-trailer.com\\\/de\\\/mobiler-bueroanhaenger\\\/\",\"url\":\"https:\\\/\\\/www.delistar-trailer.com\\\/de\\\/mobiler-bueroanhaenger\\\/\",\"name\":\"Mobiler B\u00fcroanh\u00e4nger - Deli Star Trailer\",\"isPartOf\":{\"@id\":\"https:\\\/\\\/www.delistar-trailer.com\\\/de\\\/#website\"},\"primaryImageOfPage\":{\"@id\":\"https:\\\/\\\/www.delistar-trailer.com\\\/de\\\/mobiler-bueroanhaenger\\\/#primaryimage\"},\"image\":{\"@id\":\"https:\\\/\\\/www.delistar-trailer.com\\\/de\\\/mobiler-bueroanhaenger\\\/#primaryimage\"},\"thumbnailUrl\":\"https:\\\/\\\/www.delistar-trailer.com\\\/wp-content\\\/uploads\\\/2025\\\/03\\\/6000-Mobile-Office-Accessible.webp\",\"datePublished\":\"2025-03-06T13:59:05+00:00\",\"dateModified\":\"2025-09-03T08:14:39+00:00\",\"breadcrumb\":{\"@id\":\"https:\\\/\\\/www.delistar-trailer.com\\\/de\\\/mobiler-bueroanhaenger\\\/#breadcrumb\"},\"inLanguage\":\"de\",\"potentialAction\":[{\"@type\":\"ReadAction\",\"target\":[\"https:\\\/\\\/www.delistar-trailer.com\\\/de\\\/mobiler-bueroanhaenger\\\/\"]}]},{\"@type\":\"ImageObject\",\"inLanguage\":\"de\",\"@id\":\"https:\\\/\\\/www.delistar-trailer.com\\\/de\\\/mobiler-bueroanhaenger\\\/#primaryimage\",\"url\":\"https:\\\/\\\/www.delistar-trailer.com\\\/wp-content\\\/uploads\\\/2025\\\/03\\\/6000-Mobile-Office-Accessible.webp\",\"contentUrl\":\"https:\\\/\\\/www.delistar-trailer.com\\\/wp-content\\\/uploads\\\/2025\\\/03\\\/6000-Mobile-Office-Accessible.webp\",\"width\":1500,\"height\":796,\"caption\":\"Delistar-trailer customized trailer solutions are perfect for mobile offices.\"},{\"@type\":\"BreadcrumbList\",\"@id\":\"https:\\\/\\\/www.delistar-trailer.com\\\/de\\\/mobiler-bueroanhaenger\\\/#breadcrumb\",\"itemListElement\":[{\"@type\":\"ListItem\",\"position\":1,\"name\":\"Home\",\"item\":\"https:\\\/\\\/www.delistar-trailer.com\\\/de\\\/\"},{\"@type\":\"ListItem\",\"position\":2,\"name\":\"Mobiler B\u00fcroanh\u00e4nger\"}]},{\"@type\":\"WebSite\",\"@id\":\"https:\\\/\\\/www.delistar-trailer.com\\\/de\\\/#website\",\"url\":\"https:\\\/\\\/www.delistar-trailer.com\\\/de\\\/\",\"name\":\"Deli Star Trailer\",\"description\":\"Sells on the outside, works on the inside\",\"publisher\":{\"@id\":\"https:\\\/\\\/www.delistar-trailer.com\\\/de\\\/#organization\"},\"potentialAction\":[{\"@type\":\"SearchAction\",\"target\":{\"@type\":\"EntryPoint\",\"urlTemplate\":\"https:\\\/\\\/www.delistar-trailer.com\\\/de\\\/?s={search_term_string}\"},\"query-input\":{\"@type\":\"PropertyValueSpecification\",\"valueRequired\":true,\"valueName\":\"search_term_string\"}}],\"inLanguage\":\"de\"},{\"@type\":\"Organization\",\"@id\":\"https:\\\/\\\/www.delistar-trailer.com\\\/de\\\/#organization\",\"name\":\"Deli Star Trailer\",\"url\":\"https:\\\/\\\/www.delistar-trailer.com\\\/de\\\/\",\"logo\":{\"@type\":\"ImageObject\",\"inLanguage\":\"de\",\"@id\":\"https:\\\/\\\/www.delistar-trailer.com\\\/de\\\/#\\\/schema\\\/logo\\\/image\\\/\",\"url\":\"https:\\\/\\\/www.delistar-trailer.com\\\/wp-content\\\/uploads\\\/2025\\\/03\\\/Delistar-trailer-logo-RGB.webp\",\"contentUrl\":\"https:\\\/\\\/www.delistar-trailer.com\\\/wp-content\\\/uploads\\\/2025\\\/03\\\/Delistar-trailer-logo-RGB.webp\",\"width\":1080,\"height\":433,\"caption\":\"Deli Star Trailer\"},\"image\":{\"@id\":\"https:\\\/\\\/www.delistar-trailer.com\\\/de\\\/#\\\/schema\\\/logo\\\/image\\\/\"}}]}<\/script>\n<!-- \/ Yoast SEO plugin. -->","yoast_head_json":{"title":"Mobiler B\u00fcroanh\u00e4nger - Deli Star Trailer","robots":{"index":"index","follow":"follow","max-snippet":"max-snippet:-1","max-image-preview":"max-image-preview:large","max-video-preview":"max-video-preview:-1"},"canonical":"https:\/\/www.delistar-trailer.com\/de\/mobiler-bueroanhaenger\/","og_locale":"de_DE","og_type":"article","og_title":"Mobiler B\u00fcroanh\u00e4nger - Deli Star Trailer","og_description":"Unsere Deli-Serie und amerikanischen Plattformen eignen sich hervorragend f\u00fcr individuell gestaltete mobile B\u00fcror\u00e4ume, die f\u00fcr medizinisches Fachpersonal, Forscher und andere Berufsgruppen geeignet sind, die eine saubere und klimatisierte Umgebung unter Feldbedingungen ben\u00f6tigen.","og_url":"https:\/\/www.delistar-trailer.com\/de\/mobiler-bueroanhaenger\/","og_site_name":"Deli Star Trailer","article_modified_time":"2025-09-03T08:14:39+00:00","og_image":[{"width":1500,"height":796,"url":"https:\/\/www.delistar-trailer.com\/wp-content\/uploads\/2025\/03\/6000-Mobile-Office-Accessible.webp","type":"image\/webp"}],"twitter_card":"summary_large_image","schema":{"@context":"https:\/\/schema.org","@graph":[{"@type":"WebPage","@id":"https:\/\/www.delistar-trailer.com\/de\/mobiler-bueroanhaenger\/","url":"https:\/\/www.delistar-trailer.com\/de\/mobiler-bueroanhaenger\/","name":"Mobiler B\u00fcroanh\u00e4nger - Deli Star Trailer","isPartOf":{"@id":"https:\/\/www.delistar-trailer.com\/de\/#website"},"primaryImageOfPage":{"@id":"https:\/\/www.delistar-trailer.com\/de\/mobiler-bueroanhaenger\/#primaryimage"},"image":{"@id":"https:\/\/www.delistar-trailer.com\/de\/mobiler-bueroanhaenger\/#primaryimage"},"thumbnailUrl":"https:\/\/www.delistar-trailer.com\/wp-content\/uploads\/2025\/03\/6000-Mobile-Office-Accessible.webp","datePublished":"2025-03-06T13:59:05+00:00","dateModified":"2025-09-03T08:14:39+00:00","breadcrumb":{"@id":"https:\/\/www.delistar-trailer.com\/de\/mobiler-bueroanhaenger\/#breadcrumb"},"inLanguage":"de","potentialAction":[{"@type":"ReadAction","target":["https:\/\/www.delistar-trailer.com\/de\/mobiler-bueroanhaenger\/"]}]},{"@type":"ImageObject","inLanguage":"de","@id":"https:\/\/www.delistar-trailer.com\/de\/mobiler-bueroanhaenger\/#primaryimage","url":"https:\/\/www.delistar-trailer.com\/wp-content\/uploads\/2025\/03\/6000-Mobile-Office-Accessible.webp","contentUrl":"https:\/\/www.delistar-trailer.com\/wp-content\/uploads\/2025\/03\/6000-Mobile-Office-Accessible.webp","width":1500,"height":796,"caption":"Delistar-trailer customized trailer solutions are perfect for mobile offices."},{"@type":"BreadcrumbList","@id":"https:\/\/www.delistar-trailer.com\/de\/mobiler-bueroanhaenger\/#breadcrumb","itemListElement":[{"@type":"ListItem","position":1,"name":"Home","item":"https:\/\/www.delistar-trailer.com\/de\/"},{"@type":"ListItem","position":2,"name":"Mobiler B\u00fcroanh\u00e4nger"}]},{"@type":"WebSite","@id":"https:\/\/www.delistar-trailer.com\/de\/#website","url":"https:\/\/www.delistar-trailer.com\/de\/","name":"Deli Star Trailer","description":"Sells on the outside, works on the inside","publisher":{"@id":"https:\/\/www.delistar-trailer.com\/de\/#organization"},"potentialAction":[{"@type":"SearchAction","target":{"@type":"EntryPoint","urlTemplate":"https:\/\/www.delistar-trailer.com\/de\/?s={search_term_string}"},"query-input":{"@type":"PropertyValueSpecification","valueRequired":true,"valueName":"search_term_string"}}],"inLanguage":"de"},{"@type":"Organization","@id":"https:\/\/www.delistar-trailer.com\/de\/#organization","name":"Deli Star Trailer","url":"https:\/\/www.delistar-trailer.com\/de\/","logo":{"@type":"ImageObject","inLanguage":"de","@id":"https:\/\/www.delistar-trailer.com\/de\/#\/schema\/logo\/image\/","url":"https:\/\/www.delistar-trailer.com\/wp-content\/uploads\/2025\/03\/Delistar-trailer-logo-RGB.webp","contentUrl":"https:\/\/www.delistar-trailer.com\/wp-content\/uploads\/2025\/03\/Delistar-trailer-logo-RGB.webp","width":1080,"height":433,"caption":"Deli Star Trailer"},"image":{"@id":"https:\/\/www.delistar-trailer.com\/de\/#\/schema\/logo\/image\/"}}]}},"_links":{"self":[{"href":"https:\/\/www.delistar-trailer.com\/de\/wp-json\/wp\/v2\/pages\/5364","targetHints":{"allow":["GET"]}}],"collection":[{"href":"https:\/\/www.delistar-trailer.com\/de\/wp-json\/wp\/v2\/pages"}],"about":[{"href":"https:\/\/www.delistar-trailer.com\/de\/wp-json\/wp\/v2\/types\/page"}],"author":[{"embeddable":true,"href":"https:\/\/www.delistar-trailer.com\/de\/wp-json\/wp\/v2\/users\/2"}],"replies":[{"embeddable":true,"href":"https:\/\/www.delistar-trailer.com\/de\/wp-json\/wp\/v2\/comments?post=5364"}],"version-history":[{"count":1,"href":"https:\/\/www.delistar-trailer.com\/de\/wp-json\/wp\/v2\/pages\/5364\/revisions"}],"predecessor-version":[{"id":5365,"href":"https:\/\/www.delistar-trailer.com\/de\/wp-json\/wp\/v2\/pages\/5364\/revisions\/5365"}],"wp:featuredmedia":[{"embeddable":true,"href":"https:\/\/www.delistar-trailer.com\/de\/wp-json\/wp\/v2\/media\/1607"}],"wp:attachment":[{"href":"https:\/\/www.delistar-trailer.com\/de\/wp-json\/wp\/v2\/media?parent=5364"}],"curies":[{"name":"wp","href":"https:\/\/api.w.org\/{rel}","templated":true}]}}